{"id":14839,"date":"2024-02-15T07:05:36","date_gmt":"2024-02-15T07:05:36","guid":{"rendered":"https:\/\/lunica.com.tr\/sample-page\/uncategorized\/marie\/"},"modified":"2024-02-15T07:05:36","modified_gmt":"2024-02-15T07:05:36","slug":"marie","status":"publish","type":"product","link":"https:\/\/lunica.com.tr\/en\/marie\/","title":{"rendered":"MARIE"},"content":{"rendered":"<p>&nbsp;<\/p>\n<table cellspacing=\"0\" cellpadding=\"0\">\n<colgroup>\n<col width=\"147\" \/>\n<col width=\"100\" \/>\n<col width=\"100\" \/>\n<col width=\"100\" \/><\/colgroup>\n<tbody>\n<tr>\n<td>Par\u00e7a<\/td>\n<td>Geni\u015flik<\/td>\n<td>Derinlik<\/td>\n<td>Y\u00fckseklik<\/td>\n<\/tr>\n<tr>\n<td>MARIE TEKL\u0130 KOLTUK<\/td>\n<td>100 Cm<\/td>\n<td>102 Cm<\/td>\n<td>62,5 Cm<\/td>\n<\/tr>\n<tr>\n<td>MARIE \u0130K\u0130L\u0130 KANEPE<\/td>\n<td>176 Cm<\/td>\n<td>102 Cm<\/td>\n<td>62,5 Cm<\/td>\n<\/tr>\n<tr>\n<td>MARIE \u00dc\u00c7L\u00dc KANEPE<\/td>\n<td>252 Cm<\/td>\n<td>102 Cm<\/td>\n<td>62,5 Cm<\/td>\n<\/tr>\n<tr>\n<td>MARIE \u015eEZLONG<\/td>\n<td>193 Cm<\/td>\n<td>90 Cm<\/td>\n<td>38 Cm<\/td>\n<\/tr>\n<tr>\n<td>MAR\u0130E 48 \u00c7AP SEHPA<\/td>\n<td>48 \u00c7AP<\/td>\n<td><\/td>\n<td>58 Cm<\/td>\n<\/tr>\n<tr>\n<td>MAR\u0130E 60 \u00c7AP SEHPA<\/td>\n<td>60 \u00c7AP<\/td>\n<td><\/td>\n<td>43 Cm<\/td>\n<\/tr>\n<tr>\n<td>MAR\u0130E 45 \u00c7AP LAMBA<\/td>\n<td>45 \u00c7AP<\/td>\n<td><\/td>\n<td>84 Cm<\/td>\n<\/tr>\n<tr>\n<td>MAR\u0130E 55 \u00c7AP LAMBA<\/td>\n<td>55 \u00c7AP<\/td>\n<td><\/td>\n<td>147 Cm<\/td>\n<\/tr>\n<\/tbody>\n<\/table>\n","protected":false},"excerpt":{"rendered":"<p>&nbsp; Par\u00e7a Geni\u015flik Derinlik Y\u00fckseklik MARIE TEKL\u0130 KOLTUK 100 Cm 102 Cm 62,5 Cm MARIE \u0130K\u0130L\u0130 KANEPE 176 Cm 102 Cm 62,5 Cm MARIE \u00dc\u00c7L\u00dc KANEPE 252 Cm 102 Cm 62,5 Cm MARIE \u015eEZLONG 193 Cm 90 Cm 38 Cm MAR\u0130E 48 \u00c7AP SEHPA 48 \u00c7AP 58 Cm MAR\u0130E 60 \u00c7AP SEHPA 60 \u00c7AP 43 [&hellip;]<\/p>\n","protected":false},"featured_media":13547,"comment_status":"open","ping_status":"closed","template":"","meta":{"_acf_changed":false},"product_brand":[],"product_cat":[105],"product_tag":[106,107],"class_list":{"0":"post-14839","1":"product","2":"type-product","3":"status-publish","4":"has-post-thumbnail","6":"product_cat-seating-groups","7":"product_tag-koncept-en","8":"product_tag-teak-en","10":"first","11":"instock","12":"featured","13":"shipping-taxable","14":"product-type-simple"},"acf":[],"yoast_head":"<!-- This site is optimized with the Yoast SEO plugin v24.7 - https:\/\/yoast.com\/wordpress\/plugins\/seo\/ -->\n<title>MARIE - Lunica<\/title>\n<meta name=\"robots\" content=\"index, follow, max-snippet:-1, max-image-preview:large, max-video-preview:-1\" \/>\n<link rel=\"canonical\" href=\"https:\/\/lunica.com.tr\/en\/marie\/\" \/>\n<meta property=\"og:locale\" content=\"en_US\" \/>\n<meta property=\"og:type\" content=\"article\" \/>\n<meta property=\"og:title\" content=\"MARIE - Lunica\" \/>\n<meta property=\"og:description\" content=\"&nbsp; Par\u00e7a Geni\u015flik Derinlik Y\u00fckseklik MARIE TEKL\u0130 KOLTUK 100 Cm 102 Cm 62,5 Cm MARIE \u0130K\u0130L\u0130 KANEPE 176 Cm 102 Cm 62,5 Cm MARIE \u00dc\u00c7L\u00dc KANEPE 252 Cm 102 Cm 62,5 Cm MARIE \u015eEZLONG 193 Cm 90 Cm 38 Cm MAR\u0130E 48 \u00c7AP SEHPA 48 \u00c7AP 58 Cm MAR\u0130E 60 \u00c7AP SEHPA 60 \u00c7AP 43 [&hellip;]\" \/>\n<meta property=\"og:url\" content=\"https:\/\/lunica.com.tr\/en\/marie\/\" \/>\n<meta property=\"og:site_name\" content=\"Lunica\" \/>\n<meta property=\"article:publisher\" content=\"https:\/\/www.facebook.com\/LunicaBahceMobilyalari\" \/>\n<meta property=\"og:image\" content=\"https:\/\/lunica.com.tr\/wp-content\/uploads\/2023\/03\/LOUNGE_01_websitesi.jpg\" \/>\n\t<meta property=\"og:image:width\" content=\"1920\" \/>\n\t<meta property=\"og:image:height\" content=\"1080\" \/>\n\t<meta property=\"og:image:type\" content=\"image\/jpeg\" \/>\n<meta name=\"twitter:card\" content=\"summary_large_image\" \/>\n<script type=\"application\/ld+json\" class=\"yoast-schema-graph\">{\"@context\":\"https:\/\/schema.org\",\"@graph\":[{\"@type\":\"WebPage\",\"@id\":\"https:\/\/lunica.com.tr\/en\/marie\/\",\"url\":\"https:\/\/lunica.com.tr\/en\/marie\/\",\"name\":\"MARIE - Lunica\",\"isPartOf\":{\"@id\":\"https:\/\/lunica.com.tr\/en\/#website\"},\"primaryImageOfPage\":{\"@id\":\"https:\/\/lunica.com.tr\/en\/marie\/#primaryimage\"},\"image\":{\"@id\":\"https:\/\/lunica.com.tr\/en\/marie\/#primaryimage\"},\"thumbnailUrl\":\"https:\/\/lunica.com.tr\/wp-content\/uploads\/2024\/02\/01_MARIE_CONTEXT.jpg\",\"datePublished\":\"2024-02-15T07:05:36+00:00\",\"breadcrumb\":{\"@id\":\"https:\/\/lunica.com.tr\/en\/marie\/#breadcrumb\"},\"inLanguage\":\"en-US\",\"potentialAction\":[{\"@type\":\"ReadAction\",\"target\":[\"https:\/\/lunica.com.tr\/en\/marie\/\"]}]},{\"@type\":\"ImageObject\",\"inLanguage\":\"en-US\",\"@id\":\"https:\/\/lunica.com.tr\/en\/marie\/#primaryimage\",\"url\":\"https:\/\/lunica.com.tr\/wp-content\/uploads\/2024\/02\/01_MARIE_CONTEXT.jpg\",\"contentUrl\":\"https:\/\/lunica.com.tr\/wp-content\/uploads\/2024\/02\/01_MARIE_CONTEXT.jpg\",\"width\":1920,\"height\":1080},{\"@type\":\"BreadcrumbList\",\"@id\":\"https:\/\/lunica.com.tr\/en\/marie\/#breadcrumb\",\"itemListElement\":[{\"@type\":\"ListItem\",\"position\":1,\"name\":\"Anasayfa\",\"item\":\"https:\/\/lunica.com.tr\/\"},{\"@type\":\"ListItem\",\"position\":2,\"name\":\"Urunler\",\"item\":\"https:\/\/lunica.com.tr\/en\/urunler\/\"},{\"@type\":\"ListItem\",\"position\":3,\"name\":\"MARIE\"}]},{\"@type\":\"WebSite\",\"@id\":\"https:\/\/lunica.com.tr\/en\/#website\",\"url\":\"https:\/\/lunica.com.tr\/en\/\",\"name\":\"Lunica.com.tr\",\"description\":\"Life \u0130s Outside\",\"publisher\":{\"@id\":\"https:\/\/lunica.com.tr\/en\/#organization\"},\"potentialAction\":[{\"@type\":\"SearchAction\",\"target\":{\"@type\":\"EntryPoint\",\"urlTemplate\":\"https:\/\/lunica.com.tr\/en\/?s={search_term_string}\"},\"query-input\":{\"@type\":\"PropertyValueSpecification\",\"valueRequired\":true,\"valueName\":\"search_term_string\"}}],\"inLanguage\":\"en-US\"},{\"@type\":\"Organization\",\"@id\":\"https:\/\/lunica.com.tr\/en\/#organization\",\"name\":\"L'unica\",\"url\":\"https:\/\/lunica.com.tr\/en\/\",\"logo\":{\"@type\":\"ImageObject\",\"inLanguage\":\"en-US\",\"@id\":\"https:\/\/lunica.com.tr\/en\/#\/schema\/logo\/image\/\",\"url\":\"https:\/\/lunica.com.tr\/wp-content\/uploads\/2022\/12\/Lunicalogo.svg\",\"contentUrl\":\"https:\/\/lunica.com.tr\/wp-content\/uploads\/2022\/12\/Lunicalogo.svg\",\"width\":296,\"height\":149,\"caption\":\"L'unica\"},\"image\":{\"@id\":\"https:\/\/lunica.com.tr\/en\/#\/schema\/logo\/image\/\"},\"sameAs\":[\"https:\/\/www.facebook.com\/LunicaBahceMobilyalari\",\"https:\/\/www.instagram.com\/lunicabahce\/\",\"https:\/\/www.youtube.com\/@lunicabahcemobilyalar1458\"]}]}<\/script>\n<!-- \/ Yoast SEO plugin. -->","yoast_head_json":{"title":"MARIE - Lunica","robots":{"index":"index","follow":"follow","max-snippet":"max-snippet:-1","max-image-preview":"max-image-preview:large","max-video-preview":"max-video-preview:-1"},"canonical":"https:\/\/lunica.com.tr\/en\/marie\/","og_locale":"en_US","og_type":"article","og_title":"MARIE - Lunica","og_description":"&nbsp; Par\u00e7a Geni\u015flik Derinlik Y\u00fckseklik MARIE TEKL\u0130 KOLTUK 100 Cm 102 Cm 62,5 Cm MARIE \u0130K\u0130L\u0130 KANEPE 176 Cm 102 Cm 62,5 Cm MARIE \u00dc\u00c7L\u00dc KANEPE 252 Cm 102 Cm 62,5 Cm MARIE \u015eEZLONG 193 Cm 90 Cm 38 Cm MAR\u0130E 48 \u00c7AP SEHPA 48 \u00c7AP 58 Cm MAR\u0130E 60 \u00c7AP SEHPA 60 \u00c7AP 43 [&hellip;]","og_url":"https:\/\/lunica.com.tr\/en\/marie\/","og_site_name":"Lunica","article_publisher":"https:\/\/www.facebook.com\/LunicaBahceMobilyalari","og_image":[{"width":1920,"height":1080,"url":"https:\/\/lunica.com.tr\/wp-content\/uploads\/2023\/03\/LOUNGE_01_websitesi.jpg","type":"image\/jpeg"}],"twitter_card":"summary_large_image","schema":{"@context":"https:\/\/schema.org","@graph":[{"@type":"WebPage","@id":"https:\/\/lunica.com.tr\/en\/marie\/","url":"https:\/\/lunica.com.tr\/en\/marie\/","name":"MARIE - Lunica","isPartOf":{"@id":"https:\/\/lunica.com.tr\/en\/#website"},"primaryImageOfPage":{"@id":"https:\/\/lunica.com.tr\/en\/marie\/#primaryimage"},"image":{"@id":"https:\/\/lunica.com.tr\/en\/marie\/#primaryimage"},"thumbnailUrl":"https:\/\/lunica.com.tr\/wp-content\/uploads\/2024\/02\/01_MARIE_CONTEXT.jpg","datePublished":"2024-02-15T07:05:36+00:00","breadcrumb":{"@id":"https:\/\/lunica.com.tr\/en\/marie\/#breadcrumb"},"inLanguage":"en-US","potentialAction":[{"@type":"ReadAction","target":["https:\/\/lunica.com.tr\/en\/marie\/"]}]},{"@type":"ImageObject","inLanguage":"en-US","@id":"https:\/\/lunica.com.tr\/en\/marie\/#primaryimage","url":"https:\/\/lunica.com.tr\/wp-content\/uploads\/2024\/02\/01_MARIE_CONTEXT.jpg","contentUrl":"https:\/\/lunica.com.tr\/wp-content\/uploads\/2024\/02\/01_MARIE_CONTEXT.jpg","width":1920,"height":1080},{"@type":"BreadcrumbList","@id":"https:\/\/lunica.com.tr\/en\/marie\/#breadcrumb","itemListElement":[{"@type":"ListItem","position":1,"name":"Anasayfa","item":"https:\/\/lunica.com.tr\/"},{"@type":"ListItem","position":2,"name":"Urunler","item":"https:\/\/lunica.com.tr\/en\/urunler\/"},{"@type":"ListItem","position":3,"name":"MARIE"}]},{"@type":"WebSite","@id":"https:\/\/lunica.com.tr\/en\/#website","url":"https:\/\/lunica.com.tr\/en\/","name":"Lunica.com.tr","description":"Life \u0130s Outside","publisher":{"@id":"https:\/\/lunica.com.tr\/en\/#organization"},"potentialAction":[{"@type":"SearchAction","target":{"@type":"EntryPoint","urlTemplate":"https:\/\/lunica.com.tr\/en\/?s={search_term_string}"},"query-input":{"@type":"PropertyValueSpecification","valueRequired":true,"valueName":"search_term_string"}}],"inLanguage":"en-US"},{"@type":"Organization","@id":"https:\/\/lunica.com.tr\/en\/#organization","name":"L'unica","url":"https:\/\/lunica.com.tr\/en\/","logo":{"@type":"ImageObject","inLanguage":"en-US","@id":"https:\/\/lunica.com.tr\/en\/#\/schema\/logo\/image\/","url":"https:\/\/lunica.com.tr\/wp-content\/uploads\/2022\/12\/Lunicalogo.svg","contentUrl":"https:\/\/lunica.com.tr\/wp-content\/uploads\/2022\/12\/Lunicalogo.svg","width":296,"height":149,"caption":"L'unica"},"image":{"@id":"https:\/\/lunica.com.tr\/en\/#\/schema\/logo\/image\/"},"sameAs":["https:\/\/www.facebook.com\/LunicaBahceMobilyalari","https:\/\/www.instagram.com\/lunicabahce\/","https:\/\/www.youtube.com\/@lunicabahcemobilyalar1458"]}]}},"_links":{"self":[{"href":"https:\/\/lunica.com.tr\/en\/wp-json\/wp\/v2\/product\/14839","targetHints":{"allow":["GET"]}}],"collection":[{"href":"https:\/\/lunica.com.tr\/en\/wp-json\/wp\/v2\/product"}],"about":[{"href":"https:\/\/lunica.com.tr\/en\/wp-json\/wp\/v2\/types\/product"}],"replies":[{"embeddable":true,"href":"https:\/\/lunica.com.tr\/en\/wp-json\/wp\/v2\/comments?post=14839"}],"version-history":[{"count":0,"href":"https:\/\/lunica.com.tr\/en\/wp-json\/wp\/v2\/product\/14839\/revisions"}],"wp:featuredmedia":[{"embeddable":true,"href":"https:\/\/lunica.com.tr\/en\/wp-json\/wp\/v2\/media\/13547"}],"wp:attachment":[{"href":"https:\/\/lunica.com.tr\/en\/wp-json\/wp\/v2\/media?parent=14839"}],"wp:term":[{"taxonomy":"product_brand","embeddable":true,"href":"https:\/\/lunica.com.tr\/en\/wp-json\/wp\/v2\/product_brand?post=14839"},{"taxonomy":"product_cat","embeddable":true,"href":"https:\/\/lunica.com.tr\/en\/wp-json\/wp\/v2\/product_cat?post=14839"},{"taxonomy":"product_tag","embeddable":true,"href":"https:\/\/lunica.com.tr\/en\/wp-json\/wp\/v2\/product_tag?post=14839"}],"curies":[{"name":"wp","href":"https:\/\/api.w.org\/{rel}","templated":true}]}}