{"id":14846,"date":"2023-03-28T13:15:30","date_gmt":"2023-03-28T13:15:30","guid":{"rendered":"https:\/\/lunica.com.tr\/sample-page\/uncategorized\/yoi-2\/"},"modified":"2023-03-28T13:15:30","modified_gmt":"2023-03-28T13:15:30","slug":"yoi-2","status":"publish","type":"product","link":"https:\/\/lunica.com.tr\/en\/yoi-2\/","title":{"rendered":"YO\u0130"},"content":{"rendered":"<p>&nbsp;<\/p>\n<table class=\" aligncenter\" cellspacing=\"0\" cellpadding=\"0\">\n<colgroup>\n<col width=\"147\" \/>\n<col width=\"100\" \/>\n<col width=\"100\" \/>\n<col width=\"100\" \/><\/colgroup>\n<tbody>\n<tr>\n<td>Par\u00e7a<\/td>\n<td>Geni\u015flik<\/td>\n<td>Derinlik<\/td>\n<td>Y\u00fckseklik<\/td>\n<\/tr>\n<tr>\n<td>TEKL\u0130 KOLTUK<\/td>\n<td>110 Cm<\/td>\n<td>95 Cm<\/td>\n<td>78 Cm<\/td>\n<\/tr>\n<tr>\n<td>\u0130K\u0130L\u0130 KANEPE<\/td>\n<td>190 Cm<\/td>\n<td>95 Cm<\/td>\n<td>78 Cm<\/td>\n<\/tr>\n<tr>\n<td>\u00dc\u00c7L\u00dc KANEPE<\/td>\n<td>260 Cm<\/td>\n<td>95 Cm<\/td>\n<td>78 Cm<\/td>\n<\/tr>\n<tr>\n<td>MESH SEHPA<\/td>\n<td>140 Cm<\/td>\n<td>80 Cm<\/td>\n<td>40 Cm<\/td>\n<\/tr>\n<tr>\n<td>BALANCE SERAM\u0130K YAN SEHPA<\/td>\n<td>45 \u00c7ap<\/td>\n<td><\/td>\n<td>52 Cm<\/td>\n<\/tr>\n<\/tbody>\n<\/table>\n","protected":false},"excerpt":{"rendered":"<p>&nbsp; Par\u00e7a Geni\u015flik Derinlik Y\u00fckseklik TEKL\u0130 KOLTUK 110 Cm 95 Cm 78 Cm \u0130K\u0130L\u0130 KANEPE 190 Cm 95 Cm 78 Cm \u00dc\u00c7L\u00dc KANEPE 260 Cm 95 Cm 78 Cm MESH SEHPA 140 Cm 80 Cm 40 Cm BALANCE SERAM\u0130K YAN SEHPA 45 \u00c7ap 52 Cm<\/p>\n","protected":false},"featured_media":11561,"comment_status":"closed","ping_status":"closed","template":"","meta":{"_acf_changed":false},"product_brand":[],"product_cat":[105],"product_tag":[106,107,147],"class_list":{"0":"post-14846","1":"product","2":"type-product","3":"status-publish","4":"has-post-thumbnail","6":"product_cat-seating-groups","7":"product_tag-koncept-en","8":"product_tag-teak-en","9":"product_tag-tekirdag-en","10":"pa_materyal-teak-en","12":"first","13":"instock","14":"featured","15":"product-type-simple"},"acf":[],"yoast_head":"<!-- This site is optimized with the Yoast SEO plugin v24.7 - https:\/\/yoast.com\/wordpress\/plugins\/seo\/ -->\n<title>YO\u0130 - Lunica<\/title>\n<meta name=\"robots\" content=\"index, follow, max-snippet:-1, max-image-preview:large, max-video-preview:-1\" \/>\n<link rel=\"canonical\" href=\"https:\/\/lunica.com.tr\/en\/yoi-2\/\" \/>\n<meta property=\"og:locale\" content=\"en_US\" \/>\n<meta property=\"og:type\" content=\"article\" \/>\n<meta property=\"og:title\" content=\"YO\u0130 - Lunica\" \/>\n<meta property=\"og:description\" content=\"&nbsp; Par\u00e7a Geni\u015flik Derinlik Y\u00fckseklik TEKL\u0130 KOLTUK 110 Cm 95 Cm 78 Cm \u0130K\u0130L\u0130 KANEPE 190 Cm 95 Cm 78 Cm \u00dc\u00c7L\u00dc KANEPE 260 Cm 95 Cm 78 Cm MESH SEHPA 140 Cm 80 Cm 40 Cm BALANCE SERAM\u0130K YAN SEHPA 45 \u00c7ap 52 Cm\" \/>\n<meta property=\"og:url\" content=\"https:\/\/lunica.com.tr\/en\/yoi-2\/\" \/>\n<meta property=\"og:site_name\" content=\"Lunica\" \/>\n<meta property=\"article:publisher\" content=\"https:\/\/www.facebook.com\/LunicaBahceMobilyalari\" \/>\n<meta property=\"og:image\" content=\"https:\/\/lunica.com.tr\/wp-content\/uploads\/2023\/03\/LOUNGE_01_websitesi.jpg\" \/>\n\t<meta property=\"og:image:width\" content=\"1920\" \/>\n\t<meta property=\"og:image:height\" content=\"1080\" \/>\n\t<meta property=\"og:image:type\" content=\"image\/jpeg\" \/>\n<meta name=\"twitter:card\" content=\"summary_large_image\" \/>\n<script type=\"application\/ld+json\" class=\"yoast-schema-graph\">{\"@context\":\"https:\/\/schema.org\",\"@graph\":[{\"@type\":\"WebPage\",\"@id\":\"https:\/\/lunica.com.tr\/en\/yoi-2\/\",\"url\":\"https:\/\/lunica.com.tr\/en\/yoi-2\/\",\"name\":\"YO\u0130 - Lunica\",\"isPartOf\":{\"@id\":\"https:\/\/lunica.com.tr\/en\/#website\"},\"primaryImageOfPage\":{\"@id\":\"https:\/\/lunica.com.tr\/en\/yoi-2\/#primaryimage\"},\"image\":{\"@id\":\"https:\/\/lunica.com.tr\/en\/yoi-2\/#primaryimage\"},\"thumbnailUrl\":\"https:\/\/lunica.com.tr\/wp-content\/uploads\/2023\/03\/LOUNGE_01_websitesi.jpg\",\"datePublished\":\"2023-03-28T13:15:30+00:00\",\"breadcrumb\":{\"@id\":\"https:\/\/lunica.com.tr\/en\/yoi-2\/#breadcrumb\"},\"inLanguage\":\"en-US\",\"potentialAction\":[{\"@type\":\"ReadAction\",\"target\":[\"https:\/\/lunica.com.tr\/en\/yoi-2\/\"]}]},{\"@type\":\"ImageObject\",\"inLanguage\":\"en-US\",\"@id\":\"https:\/\/lunica.com.tr\/en\/yoi-2\/#primaryimage\",\"url\":\"https:\/\/lunica.com.tr\/wp-content\/uploads\/2023\/03\/LOUNGE_01_websitesi.jpg\",\"contentUrl\":\"https:\/\/lunica.com.tr\/wp-content\/uploads\/2023\/03\/LOUNGE_01_websitesi.jpg\",\"width\":1920,\"height\":1080},{\"@type\":\"BreadcrumbList\",\"@id\":\"https:\/\/lunica.com.tr\/en\/yoi-2\/#breadcrumb\",\"itemListElement\":[{\"@type\":\"ListItem\",\"position\":1,\"name\":\"Anasayfa\",\"item\":\"https:\/\/lunica.com.tr\/\"},{\"@type\":\"ListItem\",\"position\":2,\"name\":\"Urunler\",\"item\":\"https:\/\/lunica.com.tr\/en\/urunler\/\"},{\"@type\":\"ListItem\",\"position\":3,\"name\":\"YO\u0130\"}]},{\"@type\":\"WebSite\",\"@id\":\"https:\/\/lunica.com.tr\/en\/#website\",\"url\":\"https:\/\/lunica.com.tr\/en\/\",\"name\":\"Lunica.com.tr\",\"description\":\"Life \u0130s Outside\",\"publisher\":{\"@id\":\"https:\/\/lunica.com.tr\/en\/#organization\"},\"potentialAction\":[{\"@type\":\"SearchAction\",\"target\":{\"@type\":\"EntryPoint\",\"urlTemplate\":\"https:\/\/lunica.com.tr\/en\/?s={search_term_string}\"},\"query-input\":{\"@type\":\"PropertyValueSpecification\",\"valueRequired\":true,\"valueName\":\"search_term_string\"}}],\"inLanguage\":\"en-US\"},{\"@type\":\"Organization\",\"@id\":\"https:\/\/lunica.com.tr\/en\/#organization\",\"name\":\"L'unica\",\"url\":\"https:\/\/lunica.com.tr\/en\/\",\"logo\":{\"@type\":\"ImageObject\",\"inLanguage\":\"en-US\",\"@id\":\"https:\/\/lunica.com.tr\/en\/#\/schema\/logo\/image\/\",\"url\":\"https:\/\/lunica.com.tr\/wp-content\/uploads\/2022\/12\/Lunicalogo.svg\",\"contentUrl\":\"https:\/\/lunica.com.tr\/wp-content\/uploads\/2022\/12\/Lunicalogo.svg\",\"width\":296,\"height\":149,\"caption\":\"L'unica\"},\"image\":{\"@id\":\"https:\/\/lunica.com.tr\/en\/#\/schema\/logo\/image\/\"},\"sameAs\":[\"https:\/\/www.facebook.com\/LunicaBahceMobilyalari\",\"https:\/\/www.instagram.com\/lunicabahce\/\",\"https:\/\/www.youtube.com\/@lunicabahcemobilyalar1458\"]}]}<\/script>\n<!-- \/ Yoast SEO plugin. -->","yoast_head_json":{"title":"YO\u0130 - Lunica","robots":{"index":"index","follow":"follow","max-snippet":"max-snippet:-1","max-image-preview":"max-image-preview:large","max-video-preview":"max-video-preview:-1"},"canonical":"https:\/\/lunica.com.tr\/en\/yoi-2\/","og_locale":"en_US","og_type":"article","og_title":"YO\u0130 - Lunica","og_description":"&nbsp; Par\u00e7a Geni\u015flik Derinlik Y\u00fckseklik TEKL\u0130 KOLTUK 110 Cm 95 Cm 78 Cm \u0130K\u0130L\u0130 KANEPE 190 Cm 95 Cm 78 Cm \u00dc\u00c7L\u00dc KANEPE 260 Cm 95 Cm 78 Cm MESH SEHPA 140 Cm 80 Cm 40 Cm BALANCE SERAM\u0130K YAN SEHPA 45 \u00c7ap 52 Cm","og_url":"https:\/\/lunica.com.tr\/en\/yoi-2\/","og_site_name":"Lunica","article_publisher":"https:\/\/www.facebook.com\/LunicaBahceMobilyalari","og_image":[{"width":1920,"height":1080,"url":"https:\/\/lunica.com.tr\/wp-content\/uploads\/2023\/03\/LOUNGE_01_websitesi.jpg","type":"image\/jpeg"}],"twitter_card":"summary_large_image","schema":{"@context":"https:\/\/schema.org","@graph":[{"@type":"WebPage","@id":"https:\/\/lunica.com.tr\/en\/yoi-2\/","url":"https:\/\/lunica.com.tr\/en\/yoi-2\/","name":"YO\u0130 - Lunica","isPartOf":{"@id":"https:\/\/lunica.com.tr\/en\/#website"},"primaryImageOfPage":{"@id":"https:\/\/lunica.com.tr\/en\/yoi-2\/#primaryimage"},"image":{"@id":"https:\/\/lunica.com.tr\/en\/yoi-2\/#primaryimage"},"thumbnailUrl":"https:\/\/lunica.com.tr\/wp-content\/uploads\/2023\/03\/LOUNGE_01_websitesi.jpg","datePublished":"2023-03-28T13:15:30+00:00","breadcrumb":{"@id":"https:\/\/lunica.com.tr\/en\/yoi-2\/#breadcrumb"},"inLanguage":"en-US","potentialAction":[{"@type":"ReadAction","target":["https:\/\/lunica.com.tr\/en\/yoi-2\/"]}]},{"@type":"ImageObject","inLanguage":"en-US","@id":"https:\/\/lunica.com.tr\/en\/yoi-2\/#primaryimage","url":"https:\/\/lunica.com.tr\/wp-content\/uploads\/2023\/03\/LOUNGE_01_websitesi.jpg","contentUrl":"https:\/\/lunica.com.tr\/wp-content\/uploads\/2023\/03\/LOUNGE_01_websitesi.jpg","width":1920,"height":1080},{"@type":"BreadcrumbList","@id":"https:\/\/lunica.com.tr\/en\/yoi-2\/#breadcrumb","itemListElement":[{"@type":"ListItem","position":1,"name":"Anasayfa","item":"https:\/\/lunica.com.tr\/"},{"@type":"ListItem","position":2,"name":"Urunler","item":"https:\/\/lunica.com.tr\/en\/urunler\/"},{"@type":"ListItem","position":3,"name":"YO\u0130"}]},{"@type":"WebSite","@id":"https:\/\/lunica.com.tr\/en\/#website","url":"https:\/\/lunica.com.tr\/en\/","name":"Lunica.com.tr","description":"Life \u0130s Outside","publisher":{"@id":"https:\/\/lunica.com.tr\/en\/#organization"},"potentialAction":[{"@type":"SearchAction","target":{"@type":"EntryPoint","urlTemplate":"https:\/\/lunica.com.tr\/en\/?s={search_term_string}"},"query-input":{"@type":"PropertyValueSpecification","valueRequired":true,"valueName":"search_term_string"}}],"inLanguage":"en-US"},{"@type":"Organization","@id":"https:\/\/lunica.com.tr\/en\/#organization","name":"L'unica","url":"https:\/\/lunica.com.tr\/en\/","logo":{"@type":"ImageObject","inLanguage":"en-US","@id":"https:\/\/lunica.com.tr\/en\/#\/schema\/logo\/image\/","url":"https:\/\/lunica.com.tr\/wp-content\/uploads\/2022\/12\/Lunicalogo.svg","contentUrl":"https:\/\/lunica.com.tr\/wp-content\/uploads\/2022\/12\/Lunicalogo.svg","width":296,"height":149,"caption":"L'unica"},"image":{"@id":"https:\/\/lunica.com.tr\/en\/#\/schema\/logo\/image\/"},"sameAs":["https:\/\/www.facebook.com\/LunicaBahceMobilyalari","https:\/\/www.instagram.com\/lunicabahce\/","https:\/\/www.youtube.com\/@lunicabahcemobilyalar1458"]}]}},"_links":{"self":[{"href":"https:\/\/lunica.com.tr\/en\/wp-json\/wp\/v2\/product\/14846","targetHints":{"allow":["GET"]}}],"collection":[{"href":"https:\/\/lunica.com.tr\/en\/wp-json\/wp\/v2\/product"}],"about":[{"href":"https:\/\/lunica.com.tr\/en\/wp-json\/wp\/v2\/types\/product"}],"replies":[{"embeddable":true,"href":"https:\/\/lunica.com.tr\/en\/wp-json\/wp\/v2\/comments?post=14846"}],"version-history":[{"count":0,"href":"https:\/\/lunica.com.tr\/en\/wp-json\/wp\/v2\/product\/14846\/revisions"}],"wp:featuredmedia":[{"embeddable":true,"href":"https:\/\/lunica.com.tr\/en\/wp-json\/wp\/v2\/media\/11561"}],"wp:attachment":[{"href":"https:\/\/lunica.com.tr\/en\/wp-json\/wp\/v2\/media?parent=14846"}],"wp:term":[{"taxonomy":"product_brand","embeddable":true,"href":"https:\/\/lunica.com.tr\/en\/wp-json\/wp\/v2\/product_brand?post=14846"},{"taxonomy":"product_cat","embeddable":true,"href":"https:\/\/lunica.com.tr\/en\/wp-json\/wp\/v2\/product_cat?post=14846"},{"taxonomy":"product_tag","embeddable":true,"href":"https:\/\/lunica.com.tr\/en\/wp-json\/wp\/v2\/product_tag?post=14846"}],"curies":[{"name":"wp","href":"https:\/\/api.w.org\/{rel}","templated":true}]}}