{"id":14854,"date":"2023-03-03T13:18:27","date_gmt":"2023-03-03T13:18:27","guid":{"rendered":"https:\/\/lunica.com.tr\/sample-page\/uncategorized\/royal\/"},"modified":"2023-03-03T13:18:27","modified_gmt":"2023-03-03T13:18:27","slug":"royal","status":"publish","type":"product","link":"https:\/\/lunica.com.tr\/en\/royal\/","title":{"rendered":"ROYAL"},"content":{"rendered":"<table cellspacing=\"0\" cellpadding=\"0\">\n<colgroup>\n<col width=\"147\" \/>\n<col width=\"100\" \/>\n<col width=\"100\" \/>\n<col width=\"100\" \/><\/colgroup>\n<tbody>\n<tr>\n<td>Par\u00e7a<\/td>\n<td>Geni\u015flik<\/td>\n<td>Derinlik<\/td>\n<td>Y\u00fckseklik<\/td>\n<\/tr>\n<tr>\n<td>ROYAL 100 CM PAR\u00c7A<\/td>\n<td>100 Cm<\/td>\n<td>100 Cm<\/td>\n<td>74\u00a0Cm<\/td>\n<\/tr>\n<tr>\n<td>ROYAL 150 CM PAR\u00c7A<\/td>\n<td>150 Cm<\/td>\n<td>100 Cm<\/td>\n<td>74 Cm<\/td>\n<\/tr>\n<tr>\n<td>ROYAL 225 CM PAR\u00c7A<\/td>\n<td>225 Cm<\/td>\n<td>100 Cm<\/td>\n<td>74 Cm<\/td>\n<\/tr>\n<tr>\n<td>ROYAL SIRT MODUL<\/td>\n<td>75 Cm<\/td>\n<td>18 Cm<\/td>\n<\/tr>\n<tr>\n<td>SERAM\u0130K YAN SEHPA<\/td>\n<td>45 \u00c7ap<\/td>\n<td><\/td>\n<td>52 Cm<\/td>\n<\/tr>\n<tr>\n<td>WASE YUV. SEHPA<\/td>\n<td>92 \u00c7ap<\/td>\n<td><\/td>\n<td>38 Cm<\/td>\n<\/tr>\n<\/tbody>\n<\/table>\n","protected":false},"excerpt":{"rendered":"<p>Par\u00e7a Geni\u015flik Derinlik Y\u00fckseklik ROYAL 100 CM PAR\u00c7A 100 Cm 100 Cm 74\u00a0Cm ROYAL 150 CM PAR\u00c7A 150 Cm 100 Cm 74 Cm ROYAL 225 CM PAR\u00c7A 225 Cm 100 Cm 74 Cm ROYAL SIRT MODUL 75 Cm 18 Cm SERAM\u0130K YAN SEHPA 45 \u00c7ap 52 Cm WASE YUV. SEHPA 92 \u00c7ap 38 Cm<\/p>\n","protected":false},"featured_media":11973,"comment_status":"closed","ping_status":"closed","template":"","meta":{"_acf_changed":false},"product_brand":[],"product_cat":[105],"product_tag":[106,107],"class_list":{"0":"post-14854","1":"product","2":"type-product","3":"status-publish","4":"has-post-thumbnail","6":"product_cat-seating-groups","7":"product_tag-koncept-en","8":"product_tag-teak-en","10":"first","11":"instock","12":"featured","13":"product-type-simple"},"acf":[],"yoast_head":"<!-- This site is optimized with the Yoast SEO plugin v24.7 - https:\/\/yoast.com\/wordpress\/plugins\/seo\/ -->\n<title>ROYAL - Lunica<\/title>\n<meta name=\"robots\" content=\"index, follow, max-snippet:-1, max-image-preview:large, max-video-preview:-1\" \/>\n<link rel=\"canonical\" href=\"https:\/\/lunica.com.tr\/en\/royal\/\" \/>\n<meta property=\"og:locale\" content=\"en_US\" \/>\n<meta property=\"og:type\" content=\"article\" \/>\n<meta property=\"og:title\" content=\"ROYAL - Lunica\" \/>\n<meta property=\"og:description\" content=\"Par\u00e7a Geni\u015flik Derinlik Y\u00fckseklik ROYAL 100 CM PAR\u00c7A 100 Cm 100 Cm 74\u00a0Cm ROYAL 150 CM PAR\u00c7A 150 Cm 100 Cm 74 Cm ROYAL 225 CM PAR\u00c7A 225 Cm 100 Cm 74 Cm ROYAL SIRT MODUL 75 Cm 18 Cm SERAM\u0130K YAN SEHPA 45 \u00c7ap 52 Cm WASE YUV. SEHPA 92 \u00c7ap 38 Cm\" \/>\n<meta property=\"og:url\" content=\"https:\/\/lunica.com.tr\/en\/royal\/\" \/>\n<meta property=\"og:site_name\" content=\"Lunica\" \/>\n<meta property=\"article:publisher\" content=\"https:\/\/www.facebook.com\/LunicaBahceMobilyalari\" \/>\n<meta property=\"og:image\" content=\"https:\/\/lunica.com.tr\/wp-content\/uploads\/2023\/03\/LOUNGE_01_websitesi.jpg\" \/>\n\t<meta property=\"og:image:width\" content=\"1920\" \/>\n\t<meta property=\"og:image:height\" content=\"1080\" \/>\n\t<meta property=\"og:image:type\" content=\"image\/jpeg\" \/>\n<meta name=\"twitter:card\" content=\"summary_large_image\" \/>\n<script type=\"application\/ld+json\" class=\"yoast-schema-graph\">{\"@context\":\"https:\/\/schema.org\",\"@graph\":[{\"@type\":\"WebPage\",\"@id\":\"https:\/\/lunica.com.tr\/en\/royal\/\",\"url\":\"https:\/\/lunica.com.tr\/en\/royal\/\",\"name\":\"ROYAL - Lunica\",\"isPartOf\":{\"@id\":\"https:\/\/lunica.com.tr\/en\/#website\"},\"primaryImageOfPage\":{\"@id\":\"https:\/\/lunica.com.tr\/en\/royal\/#primaryimage\"},\"image\":{\"@id\":\"https:\/\/lunica.com.tr\/en\/royal\/#primaryimage\"},\"thumbnailUrl\":\"https:\/\/lunica.com.tr\/wp-content\/uploads\/2023\/03\/5019_9-1.jpg\",\"datePublished\":\"2023-03-03T13:18:27+00:00\",\"breadcrumb\":{\"@id\":\"https:\/\/lunica.com.tr\/en\/royal\/#breadcrumb\"},\"inLanguage\":\"en-US\",\"potentialAction\":[{\"@type\":\"ReadAction\",\"target\":[\"https:\/\/lunica.com.tr\/en\/royal\/\"]}]},{\"@type\":\"ImageObject\",\"inLanguage\":\"en-US\",\"@id\":\"https:\/\/lunica.com.tr\/en\/royal\/#primaryimage\",\"url\":\"https:\/\/lunica.com.tr\/wp-content\/uploads\/2023\/03\/5019_9-1.jpg\",\"contentUrl\":\"https:\/\/lunica.com.tr\/wp-content\/uploads\/2023\/03\/5019_9-1.jpg\",\"width\":1920,\"height\":1080},{\"@type\":\"BreadcrumbList\",\"@id\":\"https:\/\/lunica.com.tr\/en\/royal\/#breadcrumb\",\"itemListElement\":[{\"@type\":\"ListItem\",\"position\":1,\"name\":\"Anasayfa\",\"item\":\"https:\/\/lunica.com.tr\/\"},{\"@type\":\"ListItem\",\"position\":2,\"name\":\"Urunler\",\"item\":\"https:\/\/lunica.com.tr\/en\/urunler\/\"},{\"@type\":\"ListItem\",\"position\":3,\"name\":\"ROYAL\"}]},{\"@type\":\"WebSite\",\"@id\":\"https:\/\/lunica.com.tr\/en\/#website\",\"url\":\"https:\/\/lunica.com.tr\/en\/\",\"name\":\"Lunica.com.tr\",\"description\":\"Life \u0130s Outside\",\"publisher\":{\"@id\":\"https:\/\/lunica.com.tr\/en\/#organization\"},\"potentialAction\":[{\"@type\":\"SearchAction\",\"target\":{\"@type\":\"EntryPoint\",\"urlTemplate\":\"https:\/\/lunica.com.tr\/en\/?s={search_term_string}\"},\"query-input\":{\"@type\":\"PropertyValueSpecification\",\"valueRequired\":true,\"valueName\":\"search_term_string\"}}],\"inLanguage\":\"en-US\"},{\"@type\":\"Organization\",\"@id\":\"https:\/\/lunica.com.tr\/en\/#organization\",\"name\":\"L'unica\",\"url\":\"https:\/\/lunica.com.tr\/en\/\",\"logo\":{\"@type\":\"ImageObject\",\"inLanguage\":\"en-US\",\"@id\":\"https:\/\/lunica.com.tr\/en\/#\/schema\/logo\/image\/\",\"url\":\"https:\/\/lunica.com.tr\/wp-content\/uploads\/2022\/12\/Lunicalogo.svg\",\"contentUrl\":\"https:\/\/lunica.com.tr\/wp-content\/uploads\/2022\/12\/Lunicalogo.svg\",\"width\":296,\"height\":149,\"caption\":\"L'unica\"},\"image\":{\"@id\":\"https:\/\/lunica.com.tr\/en\/#\/schema\/logo\/image\/\"},\"sameAs\":[\"https:\/\/www.facebook.com\/LunicaBahceMobilyalari\",\"https:\/\/www.instagram.com\/lunicabahce\/\",\"https:\/\/www.youtube.com\/@lunicabahcemobilyalar1458\"]}]}<\/script>\n<!-- \/ Yoast SEO plugin. -->","yoast_head_json":{"title":"ROYAL - Lunica","robots":{"index":"index","follow":"follow","max-snippet":"max-snippet:-1","max-image-preview":"max-image-preview:large","max-video-preview":"max-video-preview:-1"},"canonical":"https:\/\/lunica.com.tr\/en\/royal\/","og_locale":"en_US","og_type":"article","og_title":"ROYAL - Lunica","og_description":"Par\u00e7a Geni\u015flik Derinlik Y\u00fckseklik ROYAL 100 CM PAR\u00c7A 100 Cm 100 Cm 74\u00a0Cm ROYAL 150 CM PAR\u00c7A 150 Cm 100 Cm 74 Cm ROYAL 225 CM PAR\u00c7A 225 Cm 100 Cm 74 Cm ROYAL SIRT MODUL 75 Cm 18 Cm SERAM\u0130K YAN SEHPA 45 \u00c7ap 52 Cm WASE YUV. SEHPA 92 \u00c7ap 38 Cm","og_url":"https:\/\/lunica.com.tr\/en\/royal\/","og_site_name":"Lunica","article_publisher":"https:\/\/www.facebook.com\/LunicaBahceMobilyalari","og_image":[{"width":1920,"height":1080,"url":"https:\/\/lunica.com.tr\/wp-content\/uploads\/2023\/03\/LOUNGE_01_websitesi.jpg","type":"image\/jpeg"}],"twitter_card":"summary_large_image","schema":{"@context":"https:\/\/schema.org","@graph":[{"@type":"WebPage","@id":"https:\/\/lunica.com.tr\/en\/royal\/","url":"https:\/\/lunica.com.tr\/en\/royal\/","name":"ROYAL - Lunica","isPartOf":{"@id":"https:\/\/lunica.com.tr\/en\/#website"},"primaryImageOfPage":{"@id":"https:\/\/lunica.com.tr\/en\/royal\/#primaryimage"},"image":{"@id":"https:\/\/lunica.com.tr\/en\/royal\/#primaryimage"},"thumbnailUrl":"https:\/\/lunica.com.tr\/wp-content\/uploads\/2023\/03\/5019_9-1.jpg","datePublished":"2023-03-03T13:18:27+00:00","breadcrumb":{"@id":"https:\/\/lunica.com.tr\/en\/royal\/#breadcrumb"},"inLanguage":"en-US","potentialAction":[{"@type":"ReadAction","target":["https:\/\/lunica.com.tr\/en\/royal\/"]}]},{"@type":"ImageObject","inLanguage":"en-US","@id":"https:\/\/lunica.com.tr\/en\/royal\/#primaryimage","url":"https:\/\/lunica.com.tr\/wp-content\/uploads\/2023\/03\/5019_9-1.jpg","contentUrl":"https:\/\/lunica.com.tr\/wp-content\/uploads\/2023\/03\/5019_9-1.jpg","width":1920,"height":1080},{"@type":"BreadcrumbList","@id":"https:\/\/lunica.com.tr\/en\/royal\/#breadcrumb","itemListElement":[{"@type":"ListItem","position":1,"name":"Anasayfa","item":"https:\/\/lunica.com.tr\/"},{"@type":"ListItem","position":2,"name":"Urunler","item":"https:\/\/lunica.com.tr\/en\/urunler\/"},{"@type":"ListItem","position":3,"name":"ROYAL"}]},{"@type":"WebSite","@id":"https:\/\/lunica.com.tr\/en\/#website","url":"https:\/\/lunica.com.tr\/en\/","name":"Lunica.com.tr","description":"Life \u0130s Outside","publisher":{"@id":"https:\/\/lunica.com.tr\/en\/#organization"},"potentialAction":[{"@type":"SearchAction","target":{"@type":"EntryPoint","urlTemplate":"https:\/\/lunica.com.tr\/en\/?s={search_term_string}"},"query-input":{"@type":"PropertyValueSpecification","valueRequired":true,"valueName":"search_term_string"}}],"inLanguage":"en-US"},{"@type":"Organization","@id":"https:\/\/lunica.com.tr\/en\/#organization","name":"L'unica","url":"https:\/\/lunica.com.tr\/en\/","logo":{"@type":"ImageObject","inLanguage":"en-US","@id":"https:\/\/lunica.com.tr\/en\/#\/schema\/logo\/image\/","url":"https:\/\/lunica.com.tr\/wp-content\/uploads\/2022\/12\/Lunicalogo.svg","contentUrl":"https:\/\/lunica.com.tr\/wp-content\/uploads\/2022\/12\/Lunicalogo.svg","width":296,"height":149,"caption":"L'unica"},"image":{"@id":"https:\/\/lunica.com.tr\/en\/#\/schema\/logo\/image\/"},"sameAs":["https:\/\/www.facebook.com\/LunicaBahceMobilyalari","https:\/\/www.instagram.com\/lunicabahce\/","https:\/\/www.youtube.com\/@lunicabahcemobilyalar1458"]}]}},"_links":{"self":[{"href":"https:\/\/lunica.com.tr\/en\/wp-json\/wp\/v2\/product\/14854","targetHints":{"allow":["GET"]}}],"collection":[{"href":"https:\/\/lunica.com.tr\/en\/wp-json\/wp\/v2\/product"}],"about":[{"href":"https:\/\/lunica.com.tr\/en\/wp-json\/wp\/v2\/types\/product"}],"replies":[{"embeddable":true,"href":"https:\/\/lunica.com.tr\/en\/wp-json\/wp\/v2\/comments?post=14854"}],"version-history":[{"count":0,"href":"https:\/\/lunica.com.tr\/en\/wp-json\/wp\/v2\/product\/14854\/revisions"}],"wp:featuredmedia":[{"embeddable":true,"href":"https:\/\/lunica.com.tr\/en\/wp-json\/wp\/v2\/media\/11973"}],"wp:attachment":[{"href":"https:\/\/lunica.com.tr\/en\/wp-json\/wp\/v2\/media?parent=14854"}],"wp:term":[{"taxonomy":"product_brand","embeddable":true,"href":"https:\/\/lunica.com.tr\/en\/wp-json\/wp\/v2\/product_brand?post=14854"},{"taxonomy":"product_cat","embeddable":true,"href":"https:\/\/lunica.com.tr\/en\/wp-json\/wp\/v2\/product_cat?post=14854"},{"taxonomy":"product_tag","embeddable":true,"href":"https:\/\/lunica.com.tr\/en\/wp-json\/wp\/v2\/product_tag?post=14854"}],"curies":[{"name":"wp","href":"https:\/\/api.w.org\/{rel}","templated":true}]}}