{"id":15012,"date":"2023-02-16T12:26:58","date_gmt":"2023-02-16T12:26:58","guid":{"rendered":"https:\/\/lunica.com.tr\/sample-page\/uncategorized\/nest\/"},"modified":"2023-02-16T12:26:58","modified_gmt":"2023-02-16T12:26:58","slug":"nest","status":"publish","type":"product","link":"https:\/\/lunica.com.tr\/en\/nest\/","title":{"rendered":"NEST"},"content":{"rendered":"<table cellspacing=\"0\" cellpadding=\"0\">\n<colgroup>\n<col width=\"147\" \/>\n<col width=\"100\" \/>\n<col width=\"100\" \/>\n<col width=\"100\" \/><\/colgroup>\n<tbody>\n<tr>\n<td>Par\u00e7a<\/td>\n<td>Geni\u015flik<\/td>\n<td>Derinlik<\/td>\n<td>Y\u00fckseklik<\/td>\n<\/tr>\n<tr>\n<td>TEKL\u0130 KOLTUK<\/td>\n<td>70 Cm<\/td>\n<td>78 Cm<\/td>\n<td>78\u00a0Cm<\/td>\n<\/tr>\n<tr>\n<td>\u0130K\u0130L\u0130 KOLTUK<\/td>\n<td>140 Cm<\/td>\n<td>78 Cm<\/td>\n<td>78 Cm<\/td>\n<\/tr>\n<tr>\n<td>\u00dc\u00c7L\u00dc KOLTUK<\/td>\n<td>180 Cm<\/td>\n<td>78 Cm<\/td>\n<td>78 Cm<\/td>\n<\/tr>\n<tr>\n<td>NEST ORTA SEHPA<\/td>\n<td>130 Cm<\/td>\n<td>70 Cm<\/td>\n<td>40 Cm<\/td>\n<\/tr>\n<tr>\n<td>NEST D\u0130K. Y\u00dcKSEK SEHPA<\/td>\n<td>130 Cm<\/td>\n<td>70 Cm<\/td>\n<td>60 Cm<\/td>\n<\/tr>\n<tr>\n<td>NEST K\u00d6\u015eE<\/td>\n<td>80 Cm<\/td>\n<td>80 Cm<\/td>\n<td>78 Cm<\/td>\n<\/tr>\n<\/tbody>\n<\/table>\n","protected":false},"excerpt":{"rendered":"<p>Par\u00e7a Geni\u015flik Derinlik Y\u00fckseklik TEKL\u0130 KOLTUK 70 Cm 78 Cm 78\u00a0Cm \u0130K\u0130L\u0130 KOLTUK 140 Cm 78 Cm 78 Cm \u00dc\u00c7L\u00dc KOLTUK 180 Cm 78 Cm 78 Cm NEST ORTA SEHPA 130 Cm 70 Cm 40 Cm NEST D\u0130K. Y\u00dcKSEK SEHPA 130 Cm 70 Cm 60 Cm NEST K\u00d6\u015eE 80 Cm 80 Cm 78 Cm<\/p>\n","protected":false},"featured_media":9450,"comment_status":"closed","ping_status":"closed","template":"","meta":{"_acf_changed":false},"product_brand":[],"product_cat":[105],"product_tag":[126,147],"class_list":{"0":"post-15012","1":"product","2":"type-product","3":"status-publish","4":"has-post-thumbnail","6":"product_cat-seating-groups","7":"product_tag-sentetik-en","8":"product_tag-tekirdag-en","9":"pa_materyal-sentetik-en","11":"first","12":"instock","13":"product-type-simple"},"acf":[],"yoast_head":"<!-- This site is optimized with the Yoast SEO plugin v24.7 - https:\/\/yoast.com\/wordpress\/plugins\/seo\/ -->\n<title>NEST - Lunica<\/title>\n<meta name=\"robots\" content=\"index, follow, max-snippet:-1, max-image-preview:large, max-video-preview:-1\" \/>\n<link rel=\"canonical\" href=\"https:\/\/lunica.com.tr\/en\/nest\/\" \/>\n<meta property=\"og:locale\" content=\"en_US\" \/>\n<meta property=\"og:type\" content=\"article\" \/>\n<meta property=\"og:title\" content=\"NEST - Lunica\" \/>\n<meta property=\"og:description\" content=\"Par\u00e7a Geni\u015flik Derinlik Y\u00fckseklik TEKL\u0130 KOLTUK 70 Cm 78 Cm 78\u00a0Cm \u0130K\u0130L\u0130 KOLTUK 140 Cm 78 Cm 78 Cm \u00dc\u00c7L\u00dc KOLTUK 180 Cm 78 Cm 78 Cm NEST ORTA SEHPA 130 Cm 70 Cm 40 Cm NEST D\u0130K. Y\u00dcKSEK SEHPA 130 Cm 70 Cm 60 Cm NEST K\u00d6\u015eE 80 Cm 80 Cm 78 Cm\" \/>\n<meta property=\"og:url\" content=\"https:\/\/lunica.com.tr\/en\/nest\/\" \/>\n<meta property=\"og:site_name\" content=\"Lunica\" \/>\n<meta property=\"article:publisher\" content=\"https:\/\/www.facebook.com\/LunicaBahceMobilyalari\" \/>\n<meta property=\"og:image\" content=\"https:\/\/lunica.com.tr\/wp-content\/uploads\/2023\/03\/LOUNGE_01_websitesi.jpg\" \/>\n\t<meta property=\"og:image:width\" content=\"1920\" \/>\n\t<meta property=\"og:image:height\" content=\"1080\" \/>\n\t<meta property=\"og:image:type\" content=\"image\/jpeg\" \/>\n<meta name=\"twitter:card\" content=\"summary_large_image\" \/>\n<script type=\"application\/ld+json\" class=\"yoast-schema-graph\">{\"@context\":\"https:\/\/schema.org\",\"@graph\":[{\"@type\":\"WebPage\",\"@id\":\"https:\/\/lunica.com.tr\/en\/nest\/\",\"url\":\"https:\/\/lunica.com.tr\/en\/nest\/\",\"name\":\"NEST - Lunica\",\"isPartOf\":{\"@id\":\"https:\/\/lunica.com.tr\/en\/#website\"},\"primaryImageOfPage\":{\"@id\":\"https:\/\/lunica.com.tr\/en\/nest\/#primaryimage\"},\"image\":{\"@id\":\"https:\/\/lunica.com.tr\/en\/nest\/#primaryimage\"},\"thumbnailUrl\":\"https:\/\/lunica.com.tr\/wp-content\/uploads\/2023\/02\/5096_1.jpg\",\"datePublished\":\"2023-02-16T12:26:58+00:00\",\"breadcrumb\":{\"@id\":\"https:\/\/lunica.com.tr\/en\/nest\/#breadcrumb\"},\"inLanguage\":\"en-US\",\"potentialAction\":[{\"@type\":\"ReadAction\",\"target\":[\"https:\/\/lunica.com.tr\/en\/nest\/\"]}]},{\"@type\":\"ImageObject\",\"inLanguage\":\"en-US\",\"@id\":\"https:\/\/lunica.com.tr\/en\/nest\/#primaryimage\",\"url\":\"https:\/\/lunica.com.tr\/wp-content\/uploads\/2023\/02\/5096_1.jpg\",\"contentUrl\":\"https:\/\/lunica.com.tr\/wp-content\/uploads\/2023\/02\/5096_1.jpg\",\"width\":1215,\"height\":880},{\"@type\":\"BreadcrumbList\",\"@id\":\"https:\/\/lunica.com.tr\/en\/nest\/#breadcrumb\",\"itemListElement\":[{\"@type\":\"ListItem\",\"position\":1,\"name\":\"Anasayfa\",\"item\":\"https:\/\/lunica.com.tr\/\"},{\"@type\":\"ListItem\",\"position\":2,\"name\":\"Urunler\",\"item\":\"https:\/\/lunica.com.tr\/en\/urunler\/\"},{\"@type\":\"ListItem\",\"position\":3,\"name\":\"NEST\"}]},{\"@type\":\"WebSite\",\"@id\":\"https:\/\/lunica.com.tr\/en\/#website\",\"url\":\"https:\/\/lunica.com.tr\/en\/\",\"name\":\"Lunica.com.tr\",\"description\":\"Life \u0130s Outside\",\"publisher\":{\"@id\":\"https:\/\/lunica.com.tr\/en\/#organization\"},\"potentialAction\":[{\"@type\":\"SearchAction\",\"target\":{\"@type\":\"EntryPoint\",\"urlTemplate\":\"https:\/\/lunica.com.tr\/en\/?s={search_term_string}\"},\"query-input\":{\"@type\":\"PropertyValueSpecification\",\"valueRequired\":true,\"valueName\":\"search_term_string\"}}],\"inLanguage\":\"en-US\"},{\"@type\":\"Organization\",\"@id\":\"https:\/\/lunica.com.tr\/en\/#organization\",\"name\":\"L'unica\",\"url\":\"https:\/\/lunica.com.tr\/en\/\",\"logo\":{\"@type\":\"ImageObject\",\"inLanguage\":\"en-US\",\"@id\":\"https:\/\/lunica.com.tr\/en\/#\/schema\/logo\/image\/\",\"url\":\"https:\/\/lunica.com.tr\/wp-content\/uploads\/2022\/12\/Lunicalogo.svg\",\"contentUrl\":\"https:\/\/lunica.com.tr\/wp-content\/uploads\/2022\/12\/Lunicalogo.svg\",\"width\":296,\"height\":149,\"caption\":\"L'unica\"},\"image\":{\"@id\":\"https:\/\/lunica.com.tr\/en\/#\/schema\/logo\/image\/\"},\"sameAs\":[\"https:\/\/www.facebook.com\/LunicaBahceMobilyalari\",\"https:\/\/www.instagram.com\/lunicabahce\/\",\"https:\/\/www.youtube.com\/@lunicabahcemobilyalar1458\"]}]}<\/script>\n<!-- \/ Yoast SEO plugin. -->","yoast_head_json":{"title":"NEST - Lunica","robots":{"index":"index","follow":"follow","max-snippet":"max-snippet:-1","max-image-preview":"max-image-preview:large","max-video-preview":"max-video-preview:-1"},"canonical":"https:\/\/lunica.com.tr\/en\/nest\/","og_locale":"en_US","og_type":"article","og_title":"NEST - Lunica","og_description":"Par\u00e7a Geni\u015flik Derinlik Y\u00fckseklik TEKL\u0130 KOLTUK 70 Cm 78 Cm 78\u00a0Cm \u0130K\u0130L\u0130 KOLTUK 140 Cm 78 Cm 78 Cm \u00dc\u00c7L\u00dc KOLTUK 180 Cm 78 Cm 78 Cm NEST ORTA SEHPA 130 Cm 70 Cm 40 Cm NEST D\u0130K. Y\u00dcKSEK SEHPA 130 Cm 70 Cm 60 Cm NEST K\u00d6\u015eE 80 Cm 80 Cm 78 Cm","og_url":"https:\/\/lunica.com.tr\/en\/nest\/","og_site_name":"Lunica","article_publisher":"https:\/\/www.facebook.com\/LunicaBahceMobilyalari","og_image":[{"width":1920,"height":1080,"url":"https:\/\/lunica.com.tr\/wp-content\/uploads\/2023\/03\/LOUNGE_01_websitesi.jpg","type":"image\/jpeg"}],"twitter_card":"summary_large_image","schema":{"@context":"https:\/\/schema.org","@graph":[{"@type":"WebPage","@id":"https:\/\/lunica.com.tr\/en\/nest\/","url":"https:\/\/lunica.com.tr\/en\/nest\/","name":"NEST - Lunica","isPartOf":{"@id":"https:\/\/lunica.com.tr\/en\/#website"},"primaryImageOfPage":{"@id":"https:\/\/lunica.com.tr\/en\/nest\/#primaryimage"},"image":{"@id":"https:\/\/lunica.com.tr\/en\/nest\/#primaryimage"},"thumbnailUrl":"https:\/\/lunica.com.tr\/wp-content\/uploads\/2023\/02\/5096_1.jpg","datePublished":"2023-02-16T12:26:58+00:00","breadcrumb":{"@id":"https:\/\/lunica.com.tr\/en\/nest\/#breadcrumb"},"inLanguage":"en-US","potentialAction":[{"@type":"ReadAction","target":["https:\/\/lunica.com.tr\/en\/nest\/"]}]},{"@type":"ImageObject","inLanguage":"en-US","@id":"https:\/\/lunica.com.tr\/en\/nest\/#primaryimage","url":"https:\/\/lunica.com.tr\/wp-content\/uploads\/2023\/02\/5096_1.jpg","contentUrl":"https:\/\/lunica.com.tr\/wp-content\/uploads\/2023\/02\/5096_1.jpg","width":1215,"height":880},{"@type":"BreadcrumbList","@id":"https:\/\/lunica.com.tr\/en\/nest\/#breadcrumb","itemListElement":[{"@type":"ListItem","position":1,"name":"Anasayfa","item":"https:\/\/lunica.com.tr\/"},{"@type":"ListItem","position":2,"name":"Urunler","item":"https:\/\/lunica.com.tr\/en\/urunler\/"},{"@type":"ListItem","position":3,"name":"NEST"}]},{"@type":"WebSite","@id":"https:\/\/lunica.com.tr\/en\/#website","url":"https:\/\/lunica.com.tr\/en\/","name":"Lunica.com.tr","description":"Life \u0130s Outside","publisher":{"@id":"https:\/\/lunica.com.tr\/en\/#organization"},"potentialAction":[{"@type":"SearchAction","target":{"@type":"EntryPoint","urlTemplate":"https:\/\/lunica.com.tr\/en\/?s={search_term_string}"},"query-input":{"@type":"PropertyValueSpecification","valueRequired":true,"valueName":"search_term_string"}}],"inLanguage":"en-US"},{"@type":"Organization","@id":"https:\/\/lunica.com.tr\/en\/#organization","name":"L'unica","url":"https:\/\/lunica.com.tr\/en\/","logo":{"@type":"ImageObject","inLanguage":"en-US","@id":"https:\/\/lunica.com.tr\/en\/#\/schema\/logo\/image\/","url":"https:\/\/lunica.com.tr\/wp-content\/uploads\/2022\/12\/Lunicalogo.svg","contentUrl":"https:\/\/lunica.com.tr\/wp-content\/uploads\/2022\/12\/Lunicalogo.svg","width":296,"height":149,"caption":"L'unica"},"image":{"@id":"https:\/\/lunica.com.tr\/en\/#\/schema\/logo\/image\/"},"sameAs":["https:\/\/www.facebook.com\/LunicaBahceMobilyalari","https:\/\/www.instagram.com\/lunicabahce\/","https:\/\/www.youtube.com\/@lunicabahcemobilyalar1458"]}]}},"_links":{"self":[{"href":"https:\/\/lunica.com.tr\/en\/wp-json\/wp\/v2\/product\/15012","targetHints":{"allow":["GET"]}}],"collection":[{"href":"https:\/\/lunica.com.tr\/en\/wp-json\/wp\/v2\/product"}],"about":[{"href":"https:\/\/lunica.com.tr\/en\/wp-json\/wp\/v2\/types\/product"}],"replies":[{"embeddable":true,"href":"https:\/\/lunica.com.tr\/en\/wp-json\/wp\/v2\/comments?post=15012"}],"version-history":[{"count":0,"href":"https:\/\/lunica.com.tr\/en\/wp-json\/wp\/v2\/product\/15012\/revisions"}],"wp:featuredmedia":[{"embeddable":true,"href":"https:\/\/lunica.com.tr\/en\/wp-json\/wp\/v2\/media\/9450"}],"wp:attachment":[{"href":"https:\/\/lunica.com.tr\/en\/wp-json\/wp\/v2\/media?parent=15012"}],"wp:term":[{"taxonomy":"product_brand","embeddable":true,"href":"https:\/\/lunica.com.tr\/en\/wp-json\/wp\/v2\/product_brand?post=15012"},{"taxonomy":"product_cat","embeddable":true,"href":"https:\/\/lunica.com.tr\/en\/wp-json\/wp\/v2\/product_cat?post=15012"},{"taxonomy":"product_tag","embeddable":true,"href":"https:\/\/lunica.com.tr\/en\/wp-json\/wp\/v2\/product_tag?post=15012"}],"curies":[{"name":"wp","href":"https:\/\/api.w.org\/{rel}","templated":true}]}}