{"id":15035,"date":"2023-02-16T12:25:37","date_gmt":"2023-02-16T12:25:37","guid":{"rendered":"https:\/\/lunica.com.tr\/sample-page\/uncategorized\/tropez\/"},"modified":"2025-04-02T14:54:05","modified_gmt":"2025-04-02T14:54:05","slug":"tropez","status":"publish","type":"product","link":"https:\/\/lunica.com.tr\/en\/tropez\/","title":{"rendered":"TROPEZ"},"content":{"rendered":"<table cellspacing=\"0\" cellpadding=\"0\">\n<colgroup>\n<col width=\"147\" \/>\n<col width=\"100\" \/>\n<col width=\"100\" \/>\n<col width=\"100\" \/><\/colgroup>\n<tbody>\n<tr>\n<td>Par\u00e7a<\/td>\n<td>Geni\u015flik<\/td>\n<td>Derinlik<\/td>\n<td>Y\u00fckseklik<\/td>\n<\/tr>\n<tr>\n<td>TEKL\u0130 KOLTUK<\/td>\n<td>85 Cm<\/td>\n<td>85 Cm<\/td>\n<td>76\u00a0Cm<\/td>\n<\/tr>\n<tr>\n<td>\u0130K\u0130L\u0130 KANEPE<\/td>\n<td>157 Cm<\/td>\n<td>85 Cm<\/td>\n<td>76 Cm<\/td>\n<\/tr>\n<tr>\n<td>\u00dc\u00c7L\u00dc KANEPE<\/td>\n<td>223 Cm<\/td>\n<td>85 Cm<\/td>\n<td>76 Cm<\/td>\n<\/tr>\n<tr>\n<td>DREAM YUV. K\u00dc\u00c7\u00dcK BOY SEHPA<\/td>\n<td>53 \u00c7ap<\/td>\n<td><\/td>\n<td>49\u00a0Cm<\/td>\n<\/tr>\n<tr>\n<td>DREAM YUV. B\u00dcY\u00dcK BOY SEHPA<\/td>\n<td>95 \u00c7ap<\/td>\n<td>41\u00a0Cm<\/td>\n<\/tr>\n<\/tbody>\n<\/table>\n","protected":false},"excerpt":{"rendered":"<p>Par\u00e7a Geni\u015flik Derinlik Y\u00fckseklik TEKL\u0130 KOLTUK 85 Cm 85 Cm 76\u00a0Cm \u0130K\u0130L\u0130 KANEPE 157 Cm 85 Cm 76 Cm \u00dc\u00c7L\u00dc KANEPE 223 Cm 85 Cm 76 Cm DREAM YUV. K\u00dc\u00c7\u00dcK BOY SEHPA 53 \u00c7ap 49\u00a0Cm DREAM YUV. B\u00dcY\u00dcK BOY SEHPA 95 \u00c7ap 41\u00a0Cm<\/p>\n","protected":false},"featured_media":9320,"comment_status":"closed","ping_status":"closed","template":"","meta":{"_acf_changed":false},"product_brand":[],"product_cat":[105,145],"product_tag":[116,106],"class_list":{"0":"post-15035","1":"product","2":"type-product","3":"status-publish","4":"has-post-thumbnail","6":"product_cat-seating-groups","7":"product_cat-seri-sonu-en","8":"product_tag-aluminyum-en","9":"product_tag-koncept-en","10":"pa_materyal-aluminyum-en","12":"first","13":"instock","14":"product-type-simple"},"acf":[],"yoast_head":"<!-- This site is optimized with the Yoast SEO plugin v24.7 - https:\/\/yoast.com\/wordpress\/plugins\/seo\/ -->\n<title>TROPEZ - Lunica<\/title>\n<meta name=\"robots\" content=\"index, follow, max-snippet:-1, max-image-preview:large, max-video-preview:-1\" \/>\n<link rel=\"canonical\" href=\"https:\/\/lunica.com.tr\/en\/tropez\/\" \/>\n<meta property=\"og:locale\" content=\"en_US\" \/>\n<meta property=\"og:type\" content=\"article\" \/>\n<meta property=\"og:title\" content=\"TROPEZ - Lunica\" \/>\n<meta property=\"og:description\" content=\"Par\u00e7a Geni\u015flik Derinlik Y\u00fckseklik TEKL\u0130 KOLTUK 85 Cm 85 Cm 76\u00a0Cm \u0130K\u0130L\u0130 KANEPE 157 Cm 85 Cm 76 Cm \u00dc\u00c7L\u00dc KANEPE 223 Cm 85 Cm 76 Cm DREAM YUV. K\u00dc\u00c7\u00dcK BOY SEHPA 53 \u00c7ap 49\u00a0Cm DREAM YUV. B\u00dcY\u00dcK BOY SEHPA 95 \u00c7ap 41\u00a0Cm\" \/>\n<meta property=\"og:url\" content=\"https:\/\/lunica.com.tr\/en\/tropez\/\" \/>\n<meta property=\"og:site_name\" content=\"Lunica\" \/>\n<meta property=\"article:publisher\" content=\"https:\/\/www.facebook.com\/LunicaBahceMobilyalari\" \/>\n<meta property=\"article:modified_time\" content=\"2025-04-02T14:54:05+00:00\" \/>\n<meta property=\"og:image\" content=\"https:\/\/lunica.com.tr\/wp-content\/uploads\/2023\/02\/5057_1.jpg\" \/>\n\t<meta property=\"og:image:width\" content=\"1215\" \/>\n\t<meta property=\"og:image:height\" content=\"880\" \/>\n\t<meta property=\"og:image:type\" content=\"image\/jpeg\" \/>\n<meta name=\"twitter:card\" content=\"summary_large_image\" \/>\n<script type=\"application\/ld+json\" class=\"yoast-schema-graph\">{\"@context\":\"https:\/\/schema.org\",\"@graph\":[{\"@type\":\"WebPage\",\"@id\":\"https:\/\/lunica.com.tr\/en\/tropez\/\",\"url\":\"https:\/\/lunica.com.tr\/en\/tropez\/\",\"name\":\"TROPEZ - Lunica\",\"isPartOf\":{\"@id\":\"https:\/\/lunica.com.tr\/en\/#website\"},\"primaryImageOfPage\":{\"@id\":\"https:\/\/lunica.com.tr\/en\/tropez\/#primaryimage\"},\"image\":{\"@id\":\"https:\/\/lunica.com.tr\/en\/tropez\/#primaryimage\"},\"thumbnailUrl\":\"https:\/\/lunica.com.tr\/wp-content\/uploads\/2023\/02\/5057_1.jpg\",\"datePublished\":\"2023-02-16T12:25:37+00:00\",\"dateModified\":\"2025-04-02T14:54:05+00:00\",\"breadcrumb\":{\"@id\":\"https:\/\/lunica.com.tr\/en\/tropez\/#breadcrumb\"},\"inLanguage\":\"en-US\",\"potentialAction\":[{\"@type\":\"ReadAction\",\"target\":[\"https:\/\/lunica.com.tr\/en\/tropez\/\"]}]},{\"@type\":\"ImageObject\",\"inLanguage\":\"en-US\",\"@id\":\"https:\/\/lunica.com.tr\/en\/tropez\/#primaryimage\",\"url\":\"https:\/\/lunica.com.tr\/wp-content\/uploads\/2023\/02\/5057_1.jpg\",\"contentUrl\":\"https:\/\/lunica.com.tr\/wp-content\/uploads\/2023\/02\/5057_1.jpg\",\"width\":1215,\"height\":880},{\"@type\":\"BreadcrumbList\",\"@id\":\"https:\/\/lunica.com.tr\/en\/tropez\/#breadcrumb\",\"itemListElement\":[{\"@type\":\"ListItem\",\"position\":1,\"name\":\"Anasayfa\",\"item\":\"https:\/\/lunica.com.tr\/\"},{\"@type\":\"ListItem\",\"position\":2,\"name\":\"Urunler\",\"item\":\"https:\/\/lunica.com.tr\/en\/urunler\/\"},{\"@type\":\"ListItem\",\"position\":3,\"name\":\"TROPEZ\"}]},{\"@type\":\"WebSite\",\"@id\":\"https:\/\/lunica.com.tr\/en\/#website\",\"url\":\"https:\/\/lunica.com.tr\/en\/\",\"name\":\"Lunica.com.tr\",\"description\":\"Life \u0130s Outside\",\"publisher\":{\"@id\":\"https:\/\/lunica.com.tr\/en\/#organization\"},\"potentialAction\":[{\"@type\":\"SearchAction\",\"target\":{\"@type\":\"EntryPoint\",\"urlTemplate\":\"https:\/\/lunica.com.tr\/en\/?s={search_term_string}\"},\"query-input\":{\"@type\":\"PropertyValueSpecification\",\"valueRequired\":true,\"valueName\":\"search_term_string\"}}],\"inLanguage\":\"en-US\"},{\"@type\":\"Organization\",\"@id\":\"https:\/\/lunica.com.tr\/en\/#organization\",\"name\":\"L'unica\",\"url\":\"https:\/\/lunica.com.tr\/en\/\",\"logo\":{\"@type\":\"ImageObject\",\"inLanguage\":\"en-US\",\"@id\":\"https:\/\/lunica.com.tr\/en\/#\/schema\/logo\/image\/\",\"url\":\"https:\/\/lunica.com.tr\/wp-content\/uploads\/2022\/12\/Lunicalogo.svg\",\"contentUrl\":\"https:\/\/lunica.com.tr\/wp-content\/uploads\/2022\/12\/Lunicalogo.svg\",\"width\":296,\"height\":149,\"caption\":\"L'unica\"},\"image\":{\"@id\":\"https:\/\/lunica.com.tr\/en\/#\/schema\/logo\/image\/\"},\"sameAs\":[\"https:\/\/www.facebook.com\/LunicaBahceMobilyalari\",\"https:\/\/www.instagram.com\/lunicabahce\/\",\"https:\/\/www.youtube.com\/@lunicabahcemobilyalar1458\"]}]}<\/script>\n<!-- \/ Yoast SEO plugin. -->","yoast_head_json":{"title":"TROPEZ - Lunica","robots":{"index":"index","follow":"follow","max-snippet":"max-snippet:-1","max-image-preview":"max-image-preview:large","max-video-preview":"max-video-preview:-1"},"canonical":"https:\/\/lunica.com.tr\/en\/tropez\/","og_locale":"en_US","og_type":"article","og_title":"TROPEZ - Lunica","og_description":"Par\u00e7a Geni\u015flik Derinlik Y\u00fckseklik TEKL\u0130 KOLTUK 85 Cm 85 Cm 76\u00a0Cm \u0130K\u0130L\u0130 KANEPE 157 Cm 85 Cm 76 Cm \u00dc\u00c7L\u00dc KANEPE 223 Cm 85 Cm 76 Cm DREAM YUV. K\u00dc\u00c7\u00dcK BOY SEHPA 53 \u00c7ap 49\u00a0Cm DREAM YUV. B\u00dcY\u00dcK BOY SEHPA 95 \u00c7ap 41\u00a0Cm","og_url":"https:\/\/lunica.com.tr\/en\/tropez\/","og_site_name":"Lunica","article_publisher":"https:\/\/www.facebook.com\/LunicaBahceMobilyalari","article_modified_time":"2025-04-02T14:54:05+00:00","og_image":[{"width":1215,"height":880,"url":"https:\/\/lunica.com.tr\/wp-content\/uploads\/2023\/02\/5057_1.jpg","type":"image\/jpeg"}],"twitter_card":"summary_large_image","schema":{"@context":"https:\/\/schema.org","@graph":[{"@type":"WebPage","@id":"https:\/\/lunica.com.tr\/en\/tropez\/","url":"https:\/\/lunica.com.tr\/en\/tropez\/","name":"TROPEZ - Lunica","isPartOf":{"@id":"https:\/\/lunica.com.tr\/en\/#website"},"primaryImageOfPage":{"@id":"https:\/\/lunica.com.tr\/en\/tropez\/#primaryimage"},"image":{"@id":"https:\/\/lunica.com.tr\/en\/tropez\/#primaryimage"},"thumbnailUrl":"https:\/\/lunica.com.tr\/wp-content\/uploads\/2023\/02\/5057_1.jpg","datePublished":"2023-02-16T12:25:37+00:00","dateModified":"2025-04-02T14:54:05+00:00","breadcrumb":{"@id":"https:\/\/lunica.com.tr\/en\/tropez\/#breadcrumb"},"inLanguage":"en-US","potentialAction":[{"@type":"ReadAction","target":["https:\/\/lunica.com.tr\/en\/tropez\/"]}]},{"@type":"ImageObject","inLanguage":"en-US","@id":"https:\/\/lunica.com.tr\/en\/tropez\/#primaryimage","url":"https:\/\/lunica.com.tr\/wp-content\/uploads\/2023\/02\/5057_1.jpg","contentUrl":"https:\/\/lunica.com.tr\/wp-content\/uploads\/2023\/02\/5057_1.jpg","width":1215,"height":880},{"@type":"BreadcrumbList","@id":"https:\/\/lunica.com.tr\/en\/tropez\/#breadcrumb","itemListElement":[{"@type":"ListItem","position":1,"name":"Anasayfa","item":"https:\/\/lunica.com.tr\/"},{"@type":"ListItem","position":2,"name":"Urunler","item":"https:\/\/lunica.com.tr\/en\/urunler\/"},{"@type":"ListItem","position":3,"name":"TROPEZ"}]},{"@type":"WebSite","@id":"https:\/\/lunica.com.tr\/en\/#website","url":"https:\/\/lunica.com.tr\/en\/","name":"Lunica.com.tr","description":"Life \u0130s Outside","publisher":{"@id":"https:\/\/lunica.com.tr\/en\/#organization"},"potentialAction":[{"@type":"SearchAction","target":{"@type":"EntryPoint","urlTemplate":"https:\/\/lunica.com.tr\/en\/?s={search_term_string}"},"query-input":{"@type":"PropertyValueSpecification","valueRequired":true,"valueName":"search_term_string"}}],"inLanguage":"en-US"},{"@type":"Organization","@id":"https:\/\/lunica.com.tr\/en\/#organization","name":"L'unica","url":"https:\/\/lunica.com.tr\/en\/","logo":{"@type":"ImageObject","inLanguage":"en-US","@id":"https:\/\/lunica.com.tr\/en\/#\/schema\/logo\/image\/","url":"https:\/\/lunica.com.tr\/wp-content\/uploads\/2022\/12\/Lunicalogo.svg","contentUrl":"https:\/\/lunica.com.tr\/wp-content\/uploads\/2022\/12\/Lunicalogo.svg","width":296,"height":149,"caption":"L'unica"},"image":{"@id":"https:\/\/lunica.com.tr\/en\/#\/schema\/logo\/image\/"},"sameAs":["https:\/\/www.facebook.com\/LunicaBahceMobilyalari","https:\/\/www.instagram.com\/lunicabahce\/","https:\/\/www.youtube.com\/@lunicabahcemobilyalar1458"]}]}},"_links":{"self":[{"href":"https:\/\/lunica.com.tr\/en\/wp-json\/wp\/v2\/product\/15035","targetHints":{"allow":["GET"]}}],"collection":[{"href":"https:\/\/lunica.com.tr\/en\/wp-json\/wp\/v2\/product"}],"about":[{"href":"https:\/\/lunica.com.tr\/en\/wp-json\/wp\/v2\/types\/product"}],"replies":[{"embeddable":true,"href":"https:\/\/lunica.com.tr\/en\/wp-json\/wp\/v2\/comments?post=15035"}],"version-history":[{"count":1,"href":"https:\/\/lunica.com.tr\/en\/wp-json\/wp\/v2\/product\/15035\/revisions"}],"predecessor-version":[{"id":16753,"href":"https:\/\/lunica.com.tr\/en\/wp-json\/wp\/v2\/product\/15035\/revisions\/16753"}],"wp:featuredmedia":[{"embeddable":true,"href":"https:\/\/lunica.com.tr\/en\/wp-json\/wp\/v2\/media\/9320"}],"wp:attachment":[{"href":"https:\/\/lunica.com.tr\/en\/wp-json\/wp\/v2\/media?parent=15035"}],"wp:term":[{"taxonomy":"product_brand","embeddable":true,"href":"https:\/\/lunica.com.tr\/en\/wp-json\/wp\/v2\/product_brand?post=15035"},{"taxonomy":"product_cat","embeddable":true,"href":"https:\/\/lunica.com.tr\/en\/wp-json\/wp\/v2\/product_cat?post=15035"},{"taxonomy":"product_tag","embeddable":true,"href":"https:\/\/lunica.com.tr\/en\/wp-json\/wp\/v2\/product_tag?post=15035"}],"curies":[{"name":"wp","href":"https:\/\/api.w.org\/{rel}","templated":true}]}}