{"id":15056,"date":"2023-02-16T12:24:05","date_gmt":"2023-02-16T12:24:05","guid":{"rendered":"https:\/\/lunica.com.tr\/sample-page\/uncategorized\/creta\/"},"modified":"2023-02-16T12:24:05","modified_gmt":"2023-02-16T12:24:05","slug":"creta","status":"publish","type":"product","link":"https:\/\/lunica.com.tr\/en\/creta\/","title":{"rendered":"CRETA"},"content":{"rendered":"<table cellspacing=\"0\" cellpadding=\"0\">\n<colgroup>\n<col width=\"147\" \/>\n<col width=\"100\" \/>\n<col width=\"100\" \/>\n<col width=\"100\" \/><\/colgroup>\n<tbody>\n<tr>\n<td>Par\u00e7a<\/td>\n<td>Geni\u015flik<\/td>\n<td>Derinlik<\/td>\n<td>Y\u00fckseklik<\/td>\n<\/tr>\n<tr>\n<td>CRETA TEKL\u0130 KOLTUK<\/td>\n<td>94Cm<\/td>\n<td>83 Cm<\/td>\n<td>65\u00a0Cm<\/td>\n<\/tr>\n<tr>\n<td>ORTA PAR\u00c7A<\/td>\n<td>100 Cm<\/td>\n<td>100 Cm<\/td>\n<td>65 Cm<\/td>\n<\/tr>\n<tr>\n<td>CRETA K\u00d6\u015eE PAR\u00c7A<\/td>\n<td>100 Cm<\/td>\n<td>100 Cm<\/td>\n<td>65 Cm<\/td>\n<\/tr>\n<tr>\n<td>ADA PAR\u00c7A<\/td>\n<td>100 Cm<\/td>\n<td>100 Cm<\/td>\n<td>35 Cm<\/td>\n<\/tr>\n<tr>\n<td>CRETA K\u00d6\u015eE SEHPA<\/td>\n<td>100 Cm<\/td>\n<td>100 Cm<\/td>\n<td>35 Cm<\/td>\n<\/tr>\n<tr>\n<td>CRETA PANEL<\/td>\n<td>100 Cm<\/td>\n<td>40 Cm<\/td>\n<td>115 Cm<\/td>\n<\/tr>\n<tr>\n<td>CRETA D\u0130KD\u00d6RTGEN SEHPA<\/td>\n<td>160 Cm<\/td>\n<td>60 Cm<\/td>\n<td>30 Cm<\/td>\n<\/tr>\n<tr>\n<td>CRETA KARE YAN SEHPA<\/td>\n<td>40 Cm<\/td>\n<td>40 Cm<\/td>\n<td>42 Cm<\/td>\n<\/tr>\n<tr>\n<td>CRETA ORTA SEHPA<\/td>\n<td>40 Cm<\/td>\n<td>40 Cm<\/td>\n<td>42 Cm<\/td>\n<\/tr>\n<tr>\n<td>CRETA D\u0130K. M\u0130N\u0130 SEHPA<\/td>\n<td>80 Cm<\/td>\n<td>30 Cm<\/td>\n<td>40 Cm<\/td>\n<\/tr>\n<\/tbody>\n<\/table>\n","protected":false},"excerpt":{"rendered":"<p>Par\u00e7a Geni\u015flik Derinlik Y\u00fckseklik CRETA TEKL\u0130 KOLTUK 94Cm 83 Cm 65\u00a0Cm ORTA PAR\u00c7A 100 Cm 100 Cm 65 Cm CRETA K\u00d6\u015eE PAR\u00c7A 100 Cm 100 Cm 65 Cm ADA PAR\u00c7A 100 Cm 100 Cm 35 Cm CRETA K\u00d6\u015eE SEHPA 100 Cm 100 Cm 35 Cm CRETA PANEL 100 Cm 40 Cm 115 Cm CRETA D\u0130KD\u00d6RTGEN [&hellip;]<\/p>\n","protected":false},"featured_media":13846,"comment_status":"closed","ping_status":"closed","template":"","meta":{"_acf_changed":false},"product_brand":[],"product_cat":[105],"product_tag":[106,107,147],"class_list":{"0":"post-15056","1":"product","2":"type-product","3":"status-publish","4":"has-post-thumbnail","6":"product_cat-seating-groups","7":"product_tag-koncept-en","8":"product_tag-teak-en","9":"product_tag-tekirdag-en","10":"pa_materyal-teak-en","12":"first","13":"instock","14":"featured","15":"product-type-simple"},"acf":[],"yoast_head":"<!-- This site is optimized with the Yoast SEO plugin v24.7 - https:\/\/yoast.com\/wordpress\/plugins\/seo\/ -->\n<title>CRETA - Lunica<\/title>\n<meta name=\"robots\" content=\"index, follow, max-snippet:-1, max-image-preview:large, max-video-preview:-1\" \/>\n<link rel=\"canonical\" href=\"https:\/\/lunica.com.tr\/en\/creta\/\" \/>\n<meta property=\"og:locale\" content=\"en_US\" \/>\n<meta property=\"og:type\" content=\"article\" \/>\n<meta property=\"og:title\" content=\"CRETA - Lunica\" \/>\n<meta property=\"og:description\" content=\"Par\u00e7a Geni\u015flik Derinlik Y\u00fckseklik CRETA TEKL\u0130 KOLTUK 94Cm 83 Cm 65\u00a0Cm ORTA PAR\u00c7A 100 Cm 100 Cm 65 Cm CRETA K\u00d6\u015eE PAR\u00c7A 100 Cm 100 Cm 65 Cm ADA PAR\u00c7A 100 Cm 100 Cm 35 Cm CRETA K\u00d6\u015eE SEHPA 100 Cm 100 Cm 35 Cm CRETA PANEL 100 Cm 40 Cm 115 Cm CRETA D\u0130KD\u00d6RTGEN [&hellip;]\" \/>\n<meta property=\"og:url\" content=\"https:\/\/lunica.com.tr\/en\/creta\/\" \/>\n<meta property=\"og:site_name\" content=\"Lunica\" \/>\n<meta property=\"article:publisher\" content=\"https:\/\/www.facebook.com\/LunicaBahceMobilyalari\" \/>\n<meta property=\"og:image\" content=\"https:\/\/lunica.com.tr\/wp-content\/uploads\/2023\/03\/LOUNGE_01_websitesi.jpg\" \/>\n\t<meta property=\"og:image:width\" content=\"1920\" \/>\n\t<meta property=\"og:image:height\" content=\"1080\" \/>\n\t<meta property=\"og:image:type\" content=\"image\/jpeg\" \/>\n<meta name=\"twitter:card\" content=\"summary_large_image\" \/>\n<script type=\"application\/ld+json\" class=\"yoast-schema-graph\">{\"@context\":\"https:\/\/schema.org\",\"@graph\":[{\"@type\":\"WebPage\",\"@id\":\"https:\/\/lunica.com.tr\/en\/creta\/\",\"url\":\"https:\/\/lunica.com.tr\/en\/creta\/\",\"name\":\"CRETA - Lunica\",\"isPartOf\":{\"@id\":\"https:\/\/lunica.com.tr\/en\/#website\"},\"primaryImageOfPage\":{\"@id\":\"https:\/\/lunica.com.tr\/en\/creta\/#primaryimage\"},\"image\":{\"@id\":\"https:\/\/lunica.com.tr\/en\/creta\/#primaryimage\"},\"thumbnailUrl\":\"https:\/\/lunica.com.tr\/wp-content\/uploads\/2023\/02\/creta-873c809e6c4e9957dde544270121c7ef60272f66rk.jpg\",\"datePublished\":\"2023-02-16T12:24:05+00:00\",\"breadcrumb\":{\"@id\":\"https:\/\/lunica.com.tr\/en\/creta\/#breadcrumb\"},\"inLanguage\":\"en-US\",\"potentialAction\":[{\"@type\":\"ReadAction\",\"target\":[\"https:\/\/lunica.com.tr\/en\/creta\/\"]}]},{\"@type\":\"ImageObject\",\"inLanguage\":\"en-US\",\"@id\":\"https:\/\/lunica.com.tr\/en\/creta\/#primaryimage\",\"url\":\"https:\/\/lunica.com.tr\/wp-content\/uploads\/2023\/02\/creta-873c809e6c4e9957dde544270121c7ef60272f66rk.jpg\",\"contentUrl\":\"https:\/\/lunica.com.tr\/wp-content\/uploads\/2023\/02\/creta-873c809e6c4e9957dde544270121c7ef60272f66rk.jpg\",\"width\":1920,\"height\":1080},{\"@type\":\"BreadcrumbList\",\"@id\":\"https:\/\/lunica.com.tr\/en\/creta\/#breadcrumb\",\"itemListElement\":[{\"@type\":\"ListItem\",\"position\":1,\"name\":\"Anasayfa\",\"item\":\"https:\/\/lunica.com.tr\/\"},{\"@type\":\"ListItem\",\"position\":2,\"name\":\"Urunler\",\"item\":\"https:\/\/lunica.com.tr\/en\/urunler\/\"},{\"@type\":\"ListItem\",\"position\":3,\"name\":\"CRETA\"}]},{\"@type\":\"WebSite\",\"@id\":\"https:\/\/lunica.com.tr\/en\/#website\",\"url\":\"https:\/\/lunica.com.tr\/en\/\",\"name\":\"Lunica.com.tr\",\"description\":\"Life \u0130s Outside\",\"publisher\":{\"@id\":\"https:\/\/lunica.com.tr\/en\/#organization\"},\"potentialAction\":[{\"@type\":\"SearchAction\",\"target\":{\"@type\":\"EntryPoint\",\"urlTemplate\":\"https:\/\/lunica.com.tr\/en\/?s={search_term_string}\"},\"query-input\":{\"@type\":\"PropertyValueSpecification\",\"valueRequired\":true,\"valueName\":\"search_term_string\"}}],\"inLanguage\":\"en-US\"},{\"@type\":\"Organization\",\"@id\":\"https:\/\/lunica.com.tr\/en\/#organization\",\"name\":\"L'unica\",\"url\":\"https:\/\/lunica.com.tr\/en\/\",\"logo\":{\"@type\":\"ImageObject\",\"inLanguage\":\"en-US\",\"@id\":\"https:\/\/lunica.com.tr\/en\/#\/schema\/logo\/image\/\",\"url\":\"https:\/\/lunica.com.tr\/wp-content\/uploads\/2022\/12\/Lunicalogo.svg\",\"contentUrl\":\"https:\/\/lunica.com.tr\/wp-content\/uploads\/2022\/12\/Lunicalogo.svg\",\"width\":296,\"height\":149,\"caption\":\"L'unica\"},\"image\":{\"@id\":\"https:\/\/lunica.com.tr\/en\/#\/schema\/logo\/image\/\"},\"sameAs\":[\"https:\/\/www.facebook.com\/LunicaBahceMobilyalari\",\"https:\/\/www.instagram.com\/lunicabahce\/\",\"https:\/\/www.youtube.com\/@lunicabahcemobilyalar1458\"]}]}<\/script>\n<!-- \/ Yoast SEO plugin. -->","yoast_head_json":{"title":"CRETA - Lunica","robots":{"index":"index","follow":"follow","max-snippet":"max-snippet:-1","max-image-preview":"max-image-preview:large","max-video-preview":"max-video-preview:-1"},"canonical":"https:\/\/lunica.com.tr\/en\/creta\/","og_locale":"en_US","og_type":"article","og_title":"CRETA - Lunica","og_description":"Par\u00e7a Geni\u015flik Derinlik Y\u00fckseklik CRETA TEKL\u0130 KOLTUK 94Cm 83 Cm 65\u00a0Cm ORTA PAR\u00c7A 100 Cm 100 Cm 65 Cm CRETA K\u00d6\u015eE PAR\u00c7A 100 Cm 100 Cm 65 Cm ADA PAR\u00c7A 100 Cm 100 Cm 35 Cm CRETA K\u00d6\u015eE SEHPA 100 Cm 100 Cm 35 Cm CRETA PANEL 100 Cm 40 Cm 115 Cm CRETA D\u0130KD\u00d6RTGEN [&hellip;]","og_url":"https:\/\/lunica.com.tr\/en\/creta\/","og_site_name":"Lunica","article_publisher":"https:\/\/www.facebook.com\/LunicaBahceMobilyalari","og_image":[{"width":1920,"height":1080,"url":"https:\/\/lunica.com.tr\/wp-content\/uploads\/2023\/03\/LOUNGE_01_websitesi.jpg","type":"image\/jpeg"}],"twitter_card":"summary_large_image","schema":{"@context":"https:\/\/schema.org","@graph":[{"@type":"WebPage","@id":"https:\/\/lunica.com.tr\/en\/creta\/","url":"https:\/\/lunica.com.tr\/en\/creta\/","name":"CRETA - Lunica","isPartOf":{"@id":"https:\/\/lunica.com.tr\/en\/#website"},"primaryImageOfPage":{"@id":"https:\/\/lunica.com.tr\/en\/creta\/#primaryimage"},"image":{"@id":"https:\/\/lunica.com.tr\/en\/creta\/#primaryimage"},"thumbnailUrl":"https:\/\/lunica.com.tr\/wp-content\/uploads\/2023\/02\/creta-873c809e6c4e9957dde544270121c7ef60272f66rk.jpg","datePublished":"2023-02-16T12:24:05+00:00","breadcrumb":{"@id":"https:\/\/lunica.com.tr\/en\/creta\/#breadcrumb"},"inLanguage":"en-US","potentialAction":[{"@type":"ReadAction","target":["https:\/\/lunica.com.tr\/en\/creta\/"]}]},{"@type":"ImageObject","inLanguage":"en-US","@id":"https:\/\/lunica.com.tr\/en\/creta\/#primaryimage","url":"https:\/\/lunica.com.tr\/wp-content\/uploads\/2023\/02\/creta-873c809e6c4e9957dde544270121c7ef60272f66rk.jpg","contentUrl":"https:\/\/lunica.com.tr\/wp-content\/uploads\/2023\/02\/creta-873c809e6c4e9957dde544270121c7ef60272f66rk.jpg","width":1920,"height":1080},{"@type":"BreadcrumbList","@id":"https:\/\/lunica.com.tr\/en\/creta\/#breadcrumb","itemListElement":[{"@type":"ListItem","position":1,"name":"Anasayfa","item":"https:\/\/lunica.com.tr\/"},{"@type":"ListItem","position":2,"name":"Urunler","item":"https:\/\/lunica.com.tr\/en\/urunler\/"},{"@type":"ListItem","position":3,"name":"CRETA"}]},{"@type":"WebSite","@id":"https:\/\/lunica.com.tr\/en\/#website","url":"https:\/\/lunica.com.tr\/en\/","name":"Lunica.com.tr","description":"Life \u0130s Outside","publisher":{"@id":"https:\/\/lunica.com.tr\/en\/#organization"},"potentialAction":[{"@type":"SearchAction","target":{"@type":"EntryPoint","urlTemplate":"https:\/\/lunica.com.tr\/en\/?s={search_term_string}"},"query-input":{"@type":"PropertyValueSpecification","valueRequired":true,"valueName":"search_term_string"}}],"inLanguage":"en-US"},{"@type":"Organization","@id":"https:\/\/lunica.com.tr\/en\/#organization","name":"L'unica","url":"https:\/\/lunica.com.tr\/en\/","logo":{"@type":"ImageObject","inLanguage":"en-US","@id":"https:\/\/lunica.com.tr\/en\/#\/schema\/logo\/image\/","url":"https:\/\/lunica.com.tr\/wp-content\/uploads\/2022\/12\/Lunicalogo.svg","contentUrl":"https:\/\/lunica.com.tr\/wp-content\/uploads\/2022\/12\/Lunicalogo.svg","width":296,"height":149,"caption":"L'unica"},"image":{"@id":"https:\/\/lunica.com.tr\/en\/#\/schema\/logo\/image\/"},"sameAs":["https:\/\/www.facebook.com\/LunicaBahceMobilyalari","https:\/\/www.instagram.com\/lunicabahce\/","https:\/\/www.youtube.com\/@lunicabahcemobilyalar1458"]}]}},"_links":{"self":[{"href":"https:\/\/lunica.com.tr\/en\/wp-json\/wp\/v2\/product\/15056","targetHints":{"allow":["GET"]}}],"collection":[{"href":"https:\/\/lunica.com.tr\/en\/wp-json\/wp\/v2\/product"}],"about":[{"href":"https:\/\/lunica.com.tr\/en\/wp-json\/wp\/v2\/types\/product"}],"replies":[{"embeddable":true,"href":"https:\/\/lunica.com.tr\/en\/wp-json\/wp\/v2\/comments?post=15056"}],"version-history":[{"count":0,"href":"https:\/\/lunica.com.tr\/en\/wp-json\/wp\/v2\/product\/15056\/revisions"}],"wp:featuredmedia":[{"embeddable":true,"href":"https:\/\/lunica.com.tr\/en\/wp-json\/wp\/v2\/media\/13846"}],"wp:attachment":[{"href":"https:\/\/lunica.com.tr\/en\/wp-json\/wp\/v2\/media?parent=15056"}],"wp:term":[{"taxonomy":"product_brand","embeddable":true,"href":"https:\/\/lunica.com.tr\/en\/wp-json\/wp\/v2\/product_brand?post=15056"},{"taxonomy":"product_cat","embeddable":true,"href":"https:\/\/lunica.com.tr\/en\/wp-json\/wp\/v2\/product_cat?post=15056"},{"taxonomy":"product_tag","embeddable":true,"href":"https:\/\/lunica.com.tr\/en\/wp-json\/wp\/v2\/product_tag?post=15056"}],"curies":[{"name":"wp","href":"https:\/\/api.w.org\/{rel}","templated":true}]}}