{"id":15062,"date":"2023-02-16T12:23:50","date_gmt":"2023-02-16T12:23:50","guid":{"rendered":"https:\/\/lunica.com.tr\/sample-page\/uncategorized\/mesh\/"},"modified":"2025-04-02T14:42:24","modified_gmt":"2025-04-02T14:42:24","slug":"mesh","status":"publish","type":"product","link":"https:\/\/lunica.com.tr\/en\/mesh\/","title":{"rendered":"MESH"},"content":{"rendered":"<table cellspacing=\"0\" cellpadding=\"0\">\n<colgroup>\n<col width=\"147\" \/>\n<col width=\"100\" \/>\n<col width=\"100\" \/>\n<col width=\"100\" \/><\/colgroup>\n<tbody>\n<tr>\n<td>Par\u00e7a<\/td>\n<td>Geni\u015flik<\/td>\n<td>Derinlik<\/td>\n<td>Y\u00fckseklik<\/td>\n<\/tr>\n<tr>\n<td>TEKL\u0130 KOLTUK<\/td>\n<td>105 Cm<\/td>\n<td>88 Cm<\/td>\n<td>72\u00a0Cm<\/td>\n<\/tr>\n<tr>\n<td>\u0130K\u0130L\u0130 KANEPE<\/td>\n<td>188 Cm<\/td>\n<td>88 Cm<\/td>\n<td>72 Cm<\/td>\n<\/tr>\n<tr>\n<td>\u00dc\u00c7L\u00dc KANEPE<\/td>\n<td>263 Cm<\/td>\n<td>88 Cm<\/td>\n<td>72 Cm<\/td>\n<\/tr>\n<tr>\n<td>MESH DAYBED<\/td>\n<td>163 Cm<\/td>\n<td>140 Cm<\/td>\n<td>72 Cm<\/td>\n<\/tr>\n<tr>\n<td>BALANCE SERAM\u0130K SEHPA<\/td>\n<td>45 \u00c7AP<\/td>\n<td> <\/td>\n<td>52 Cm<\/td>\n<\/tr>\n<tr>\n<td>PEBBLE D\u0130KD\u00d6RTGEN SERAM\u0130K SEHPA<\/td>\n<td>160 Cm<\/td>\n<td>80 Cm<\/td>\n<td>40 Cm<\/td>\n<\/tr>\n<\/tbody>\n<\/table>\n","protected":false},"excerpt":{"rendered":"<p>Par\u00e7a Geni\u015flik Derinlik Y\u00fckseklik TEKL\u0130 KOLTUK 105 Cm 88 Cm 72\u00a0Cm \u0130K\u0130L\u0130 KANEPE 188 Cm 88 Cm 72 Cm \u00dc\u00c7L\u00dc KANEPE 263 Cm 88 Cm 72 Cm MESH DAYBED 163 Cm 140 Cm 72 Cm BALANCE SERAM\u0130K SEHPA 45 \u00c7AP 52 Cm PEBBLE D\u0130KD\u00d6RTGEN SERAM\u0130K SEHPA 160 Cm 80 Cm 40 Cm<\/p>\n","protected":false},"featured_media":11677,"comment_status":"closed","ping_status":"closed","template":"","meta":{"_acf_changed":false},"product_brand":[],"product_cat":[105,145],"product_tag":[106,107,147],"class_list":{"0":"post-15062","1":"product","2":"type-product","3":"status-publish","4":"has-post-thumbnail","6":"product_cat-seating-groups","7":"product_cat-seri-sonu-en","8":"product_tag-koncept-en","9":"product_tag-teak-en","10":"product_tag-tekirdag-en","11":"pa_materyal-teak-en","13":"first","14":"instock","15":"featured","16":"product-type-simple"},"acf":[],"yoast_head":"<!-- This site is optimized with the Yoast SEO plugin v24.7 - https:\/\/yoast.com\/wordpress\/plugins\/seo\/ -->\n<title>MESH - Lunica<\/title>\n<meta name=\"robots\" content=\"index, follow, max-snippet:-1, max-image-preview:large, max-video-preview:-1\" \/>\n<link rel=\"canonical\" href=\"https:\/\/lunica.com.tr\/en\/mesh\/\" \/>\n<meta property=\"og:locale\" content=\"en_US\" \/>\n<meta property=\"og:type\" content=\"article\" \/>\n<meta property=\"og:title\" content=\"MESH - Lunica\" \/>\n<meta property=\"og:description\" content=\"Par\u00e7a Geni\u015flik Derinlik Y\u00fckseklik TEKL\u0130 KOLTUK 105 Cm 88 Cm 72\u00a0Cm \u0130K\u0130L\u0130 KANEPE 188 Cm 88 Cm 72 Cm \u00dc\u00c7L\u00dc KANEPE 263 Cm 88 Cm 72 Cm MESH DAYBED 163 Cm 140 Cm 72 Cm BALANCE SERAM\u0130K SEHPA 45 \u00c7AP 52 Cm PEBBLE D\u0130KD\u00d6RTGEN SERAM\u0130K SEHPA 160 Cm 80 Cm 40 Cm\" \/>\n<meta property=\"og:url\" content=\"https:\/\/lunica.com.tr\/en\/mesh\/\" \/>\n<meta property=\"og:site_name\" content=\"Lunica\" \/>\n<meta property=\"article:publisher\" content=\"https:\/\/www.facebook.com\/LunicaBahceMobilyalari\" \/>\n<meta property=\"article:modified_time\" content=\"2025-04-02T14:42:24+00:00\" \/>\n<meta property=\"og:image\" content=\"https:\/\/lunica.com.tr\/wp-content\/uploads\/2023\/02\/MESH_01_W.jpg\" \/>\n\t<meta property=\"og:image:width\" content=\"1920\" \/>\n\t<meta property=\"og:image:height\" content=\"1080\" \/>\n\t<meta property=\"og:image:type\" content=\"image\/jpeg\" \/>\n<meta name=\"twitter:card\" content=\"summary_large_image\" \/>\n<script type=\"application\/ld+json\" class=\"yoast-schema-graph\">{\"@context\":\"https:\/\/schema.org\",\"@graph\":[{\"@type\":\"WebPage\",\"@id\":\"https:\/\/lunica.com.tr\/en\/mesh\/\",\"url\":\"https:\/\/lunica.com.tr\/en\/mesh\/\",\"name\":\"MESH - Lunica\",\"isPartOf\":{\"@id\":\"https:\/\/lunica.com.tr\/en\/#website\"},\"primaryImageOfPage\":{\"@id\":\"https:\/\/lunica.com.tr\/en\/mesh\/#primaryimage\"},\"image\":{\"@id\":\"https:\/\/lunica.com.tr\/en\/mesh\/#primaryimage\"},\"thumbnailUrl\":\"https:\/\/lunica.com.tr\/wp-content\/uploads\/2023\/02\/MESH_01_W.jpg\",\"datePublished\":\"2023-02-16T12:23:50+00:00\",\"dateModified\":\"2025-04-02T14:42:24+00:00\",\"breadcrumb\":{\"@id\":\"https:\/\/lunica.com.tr\/en\/mesh\/#breadcrumb\"},\"inLanguage\":\"en-US\",\"potentialAction\":[{\"@type\":\"ReadAction\",\"target\":[\"https:\/\/lunica.com.tr\/en\/mesh\/\"]}]},{\"@type\":\"ImageObject\",\"inLanguage\":\"en-US\",\"@id\":\"https:\/\/lunica.com.tr\/en\/mesh\/#primaryimage\",\"url\":\"https:\/\/lunica.com.tr\/wp-content\/uploads\/2023\/02\/MESH_01_W.jpg\",\"contentUrl\":\"https:\/\/lunica.com.tr\/wp-content\/uploads\/2023\/02\/MESH_01_W.jpg\",\"width\":1920,\"height\":1080},{\"@type\":\"BreadcrumbList\",\"@id\":\"https:\/\/lunica.com.tr\/en\/mesh\/#breadcrumb\",\"itemListElement\":[{\"@type\":\"ListItem\",\"position\":1,\"name\":\"Anasayfa\",\"item\":\"https:\/\/lunica.com.tr\/\"},{\"@type\":\"ListItem\",\"position\":2,\"name\":\"Urunler\",\"item\":\"https:\/\/lunica.com.tr\/en\/urunler\/\"},{\"@type\":\"ListItem\",\"position\":3,\"name\":\"MESH\"}]},{\"@type\":\"WebSite\",\"@id\":\"https:\/\/lunica.com.tr\/en\/#website\",\"url\":\"https:\/\/lunica.com.tr\/en\/\",\"name\":\"Lunica.com.tr\",\"description\":\"Life \u0130s Outside\",\"publisher\":{\"@id\":\"https:\/\/lunica.com.tr\/en\/#organization\"},\"potentialAction\":[{\"@type\":\"SearchAction\",\"target\":{\"@type\":\"EntryPoint\",\"urlTemplate\":\"https:\/\/lunica.com.tr\/en\/?s={search_term_string}\"},\"query-input\":{\"@type\":\"PropertyValueSpecification\",\"valueRequired\":true,\"valueName\":\"search_term_string\"}}],\"inLanguage\":\"en-US\"},{\"@type\":\"Organization\",\"@id\":\"https:\/\/lunica.com.tr\/en\/#organization\",\"name\":\"L'unica\",\"url\":\"https:\/\/lunica.com.tr\/en\/\",\"logo\":{\"@type\":\"ImageObject\",\"inLanguage\":\"en-US\",\"@id\":\"https:\/\/lunica.com.tr\/en\/#\/schema\/logo\/image\/\",\"url\":\"https:\/\/lunica.com.tr\/wp-content\/uploads\/2022\/12\/Lunicalogo.svg\",\"contentUrl\":\"https:\/\/lunica.com.tr\/wp-content\/uploads\/2022\/12\/Lunicalogo.svg\",\"width\":296,\"height\":149,\"caption\":\"L'unica\"},\"image\":{\"@id\":\"https:\/\/lunica.com.tr\/en\/#\/schema\/logo\/image\/\"},\"sameAs\":[\"https:\/\/www.facebook.com\/LunicaBahceMobilyalari\",\"https:\/\/www.instagram.com\/lunicabahce\/\",\"https:\/\/www.youtube.com\/@lunicabahcemobilyalar1458\"]}]}<\/script>\n<!-- \/ Yoast SEO plugin. -->","yoast_head_json":{"title":"MESH - Lunica","robots":{"index":"index","follow":"follow","max-snippet":"max-snippet:-1","max-image-preview":"max-image-preview:large","max-video-preview":"max-video-preview:-1"},"canonical":"https:\/\/lunica.com.tr\/en\/mesh\/","og_locale":"en_US","og_type":"article","og_title":"MESH - Lunica","og_description":"Par\u00e7a Geni\u015flik Derinlik Y\u00fckseklik TEKL\u0130 KOLTUK 105 Cm 88 Cm 72\u00a0Cm \u0130K\u0130L\u0130 KANEPE 188 Cm 88 Cm 72 Cm \u00dc\u00c7L\u00dc KANEPE 263 Cm 88 Cm 72 Cm MESH DAYBED 163 Cm 140 Cm 72 Cm BALANCE SERAM\u0130K SEHPA 45 \u00c7AP 52 Cm PEBBLE D\u0130KD\u00d6RTGEN SERAM\u0130K SEHPA 160 Cm 80 Cm 40 Cm","og_url":"https:\/\/lunica.com.tr\/en\/mesh\/","og_site_name":"Lunica","article_publisher":"https:\/\/www.facebook.com\/LunicaBahceMobilyalari","article_modified_time":"2025-04-02T14:42:24+00:00","og_image":[{"width":1920,"height":1080,"url":"https:\/\/lunica.com.tr\/wp-content\/uploads\/2023\/02\/MESH_01_W.jpg","type":"image\/jpeg"}],"twitter_card":"summary_large_image","schema":{"@context":"https:\/\/schema.org","@graph":[{"@type":"WebPage","@id":"https:\/\/lunica.com.tr\/en\/mesh\/","url":"https:\/\/lunica.com.tr\/en\/mesh\/","name":"MESH - Lunica","isPartOf":{"@id":"https:\/\/lunica.com.tr\/en\/#website"},"primaryImageOfPage":{"@id":"https:\/\/lunica.com.tr\/en\/mesh\/#primaryimage"},"image":{"@id":"https:\/\/lunica.com.tr\/en\/mesh\/#primaryimage"},"thumbnailUrl":"https:\/\/lunica.com.tr\/wp-content\/uploads\/2023\/02\/MESH_01_W.jpg","datePublished":"2023-02-16T12:23:50+00:00","dateModified":"2025-04-02T14:42:24+00:00","breadcrumb":{"@id":"https:\/\/lunica.com.tr\/en\/mesh\/#breadcrumb"},"inLanguage":"en-US","potentialAction":[{"@type":"ReadAction","target":["https:\/\/lunica.com.tr\/en\/mesh\/"]}]},{"@type":"ImageObject","inLanguage":"en-US","@id":"https:\/\/lunica.com.tr\/en\/mesh\/#primaryimage","url":"https:\/\/lunica.com.tr\/wp-content\/uploads\/2023\/02\/MESH_01_W.jpg","contentUrl":"https:\/\/lunica.com.tr\/wp-content\/uploads\/2023\/02\/MESH_01_W.jpg","width":1920,"height":1080},{"@type":"BreadcrumbList","@id":"https:\/\/lunica.com.tr\/en\/mesh\/#breadcrumb","itemListElement":[{"@type":"ListItem","position":1,"name":"Anasayfa","item":"https:\/\/lunica.com.tr\/"},{"@type":"ListItem","position":2,"name":"Urunler","item":"https:\/\/lunica.com.tr\/en\/urunler\/"},{"@type":"ListItem","position":3,"name":"MESH"}]},{"@type":"WebSite","@id":"https:\/\/lunica.com.tr\/en\/#website","url":"https:\/\/lunica.com.tr\/en\/","name":"Lunica.com.tr","description":"Life \u0130s Outside","publisher":{"@id":"https:\/\/lunica.com.tr\/en\/#organization"},"potentialAction":[{"@type":"SearchAction","target":{"@type":"EntryPoint","urlTemplate":"https:\/\/lunica.com.tr\/en\/?s={search_term_string}"},"query-input":{"@type":"PropertyValueSpecification","valueRequired":true,"valueName":"search_term_string"}}],"inLanguage":"en-US"},{"@type":"Organization","@id":"https:\/\/lunica.com.tr\/en\/#organization","name":"L'unica","url":"https:\/\/lunica.com.tr\/en\/","logo":{"@type":"ImageObject","inLanguage":"en-US","@id":"https:\/\/lunica.com.tr\/en\/#\/schema\/logo\/image\/","url":"https:\/\/lunica.com.tr\/wp-content\/uploads\/2022\/12\/Lunicalogo.svg","contentUrl":"https:\/\/lunica.com.tr\/wp-content\/uploads\/2022\/12\/Lunicalogo.svg","width":296,"height":149,"caption":"L'unica"},"image":{"@id":"https:\/\/lunica.com.tr\/en\/#\/schema\/logo\/image\/"},"sameAs":["https:\/\/www.facebook.com\/LunicaBahceMobilyalari","https:\/\/www.instagram.com\/lunicabahce\/","https:\/\/www.youtube.com\/@lunicabahcemobilyalar1458"]}]}},"_links":{"self":[{"href":"https:\/\/lunica.com.tr\/en\/wp-json\/wp\/v2\/product\/15062","targetHints":{"allow":["GET"]}}],"collection":[{"href":"https:\/\/lunica.com.tr\/en\/wp-json\/wp\/v2\/product"}],"about":[{"href":"https:\/\/lunica.com.tr\/en\/wp-json\/wp\/v2\/types\/product"}],"replies":[{"embeddable":true,"href":"https:\/\/lunica.com.tr\/en\/wp-json\/wp\/v2\/comments?post=15062"}],"version-history":[{"count":1,"href":"https:\/\/lunica.com.tr\/en\/wp-json\/wp\/v2\/product\/15062\/revisions"}],"predecessor-version":[{"id":16747,"href":"https:\/\/lunica.com.tr\/en\/wp-json\/wp\/v2\/product\/15062\/revisions\/16747"}],"wp:featuredmedia":[{"embeddable":true,"href":"https:\/\/lunica.com.tr\/en\/wp-json\/wp\/v2\/media\/11677"}],"wp:attachment":[{"href":"https:\/\/lunica.com.tr\/en\/wp-json\/wp\/v2\/media?parent=15062"}],"wp:term":[{"taxonomy":"product_brand","embeddable":true,"href":"https:\/\/lunica.com.tr\/en\/wp-json\/wp\/v2\/product_brand?post=15062"},{"taxonomy":"product_cat","embeddable":true,"href":"https:\/\/lunica.com.tr\/en\/wp-json\/wp\/v2\/product_cat?post=15062"},{"taxonomy":"product_tag","embeddable":true,"href":"https:\/\/lunica.com.tr\/en\/wp-json\/wp\/v2\/product_tag?post=15062"}],"curies":[{"name":"wp","href":"https:\/\/api.w.org\/{rel}","templated":true}]}}