{"id":16347,"date":"2025-02-03T08:32:41","date_gmt":"2025-02-03T08:32:41","guid":{"rendered":"https:\/\/lunica.com.tr\/?post_type=product&#038;p=16347"},"modified":"2025-04-17T12:29:25","modified_gmt":"2025-04-17T12:29:25","slug":"block","status":"publish","type":"product","link":"https:\/\/lunica.com.tr\/en\/sample-page\/seating-groups\/block\/","title":{"rendered":"BLOCK"},"content":{"rendered":"<p>&nbsp;<\/p>\n<p>&nbsp;<\/p>\n<p>&nbsp;<\/p>\n<p>&nbsp;<\/p>\n<table cellspacing=\"0\" cellpadding=\"0\">\n<colgroup>\n<col width=\"147\" \/>\n<col width=\"100\" \/>\n<col width=\"100\" \/>\n<col width=\"100\" \/><\/colgroup>\n<tbody>\n<tr>\n<td>Par\u00e7a<\/td>\n<td>Geni\u015flik<\/td>\n<td>Derinlik<\/td>\n<td>Y\u00fckseklik<\/td>\n<\/tr>\n<tr>\n<td>HEXAGON PAR\u00c7A<\/td>\n<td>165 Cm<\/td>\n<td>165 Cm<\/td>\n<td>68 Cm<\/td>\n<\/tr>\n<tr>\n<td>ORTA PAR\u00c7A<\/td>\n<td>100 Cm<\/td>\n<td>110 Cm<\/td>\n<td>68 Cm<\/td>\n<\/tr>\n<tr>\n<td>KOL EKLEME<\/td>\n<td>213 Cm<\/td>\n<td>88 Cm<\/td>\n<td>76,5 Cm<\/td>\n<\/tr>\n<tr>\n<td>110 CM YAN SEHPA<\/td>\n<td>110 Cm<\/td>\n<td>60 Cm<\/td>\n<td>42 Cm<\/td>\n<\/tr>\n<tr>\n<td>140 CM SEHPA<\/td>\n<td>140 Cm<\/td>\n<td>80 Cm<\/td>\n<td>40 Cm<\/td>\n<\/tr>\n<tr>\n<td>BLOCK C SEHPA<\/td>\n<td>60 Cm<\/td>\n<td>40 Cm<\/td>\n<td>42 Cm<\/td>\n<\/tr>\n<\/tbody>\n<\/table>\n","protected":false},"excerpt":{"rendered":"<p>&nbsp; &nbsp; &nbsp; &nbsp; Par\u00e7a Geni\u015flik Derinlik Y\u00fckseklik HEXAGON PAR\u00c7A 165 Cm 165 Cm 68 Cm ORTA PAR\u00c7A 100 Cm 110 Cm 68 Cm KOL EKLEME 213 Cm 88 Cm 76,5 Cm 110 CM YAN SEHPA 110 Cm 60 Cm 42 Cm 140 CM SEHPA 140 Cm 80 Cm 40 Cm BLOCK C SEHPA 60 [&hellip;]<\/p>\n","protected":false},"featured_media":16349,"comment_status":"open","ping_status":"closed","template":"","meta":{"_acf_changed":false},"product_brand":[],"product_cat":[105],"product_tag":[106,107],"class_list":{"0":"post-16347","1":"product","2":"type-product","3":"status-publish","4":"has-post-thumbnail","6":"product_cat-seating-groups","7":"product_tag-koncept-en","8":"product_tag-teak-en","10":"first","11":"instock","12":"featured","13":"shipping-taxable","14":"product-type-simple"},"acf":[],"yoast_head":"<!-- This site is optimized with the Yoast SEO plugin v24.7 - https:\/\/yoast.com\/wordpress\/plugins\/seo\/ -->\n<title>BLOCK - Lunica<\/title>\n<meta name=\"robots\" content=\"index, follow, max-snippet:-1, max-image-preview:large, max-video-preview:-1\" \/>\n<link rel=\"canonical\" href=\"https:\/\/lunica.com.tr\/en\/sample-page\/seating-groups\/block\/\" \/>\n<meta property=\"og:locale\" content=\"en_US\" \/>\n<meta property=\"og:type\" content=\"article\" \/>\n<meta property=\"og:title\" content=\"BLOCK - Lunica\" \/>\n<meta property=\"og:description\" content=\"&nbsp; &nbsp; &nbsp; &nbsp; Par\u00e7a Geni\u015flik Derinlik Y\u00fckseklik HEXAGON PAR\u00c7A 165 Cm 165 Cm 68 Cm ORTA PAR\u00c7A 100 Cm 110 Cm 68 Cm KOL EKLEME 213 Cm 88 Cm 76,5 Cm 110 CM YAN SEHPA 110 Cm 60 Cm 42 Cm 140 CM SEHPA 140 Cm 80 Cm 40 Cm BLOCK C SEHPA 60 [&hellip;]\" \/>\n<meta property=\"og:url\" content=\"https:\/\/lunica.com.tr\/en\/sample-page\/seating-groups\/block\/\" \/>\n<meta property=\"og:site_name\" content=\"Lunica\" \/>\n<meta property=\"article:publisher\" content=\"https:\/\/www.facebook.com\/LunicaBahceMobilyalari\" \/>\n<meta property=\"article:modified_time\" content=\"2025-04-17T12:29:25+00:00\" \/>\n<meta property=\"og:image\" content=\"https:\/\/lunica.com.tr\/wp-content\/uploads\/2025\/02\/BLOCK_01.jpg\" \/>\n\t<meta property=\"og:image:width\" content=\"1920\" \/>\n\t<meta property=\"og:image:height\" content=\"1080\" \/>\n\t<meta property=\"og:image:type\" content=\"image\/jpeg\" \/>\n<meta name=\"twitter:card\" content=\"summary_large_image\" \/>\n<meta name=\"twitter:label1\" content=\"Est. reading time\" \/>\n\t<meta name=\"twitter:data1\" content=\"1 minute\" \/>\n<script type=\"application\/ld+json\" class=\"yoast-schema-graph\">{\"@context\":\"https:\/\/schema.org\",\"@graph\":[{\"@type\":\"WebPage\",\"@id\":\"https:\/\/lunica.com.tr\/en\/sample-page\/seating-groups\/block\/\",\"url\":\"https:\/\/lunica.com.tr\/en\/sample-page\/seating-groups\/block\/\",\"name\":\"BLOCK - Lunica\",\"isPartOf\":{\"@id\":\"https:\/\/lunica.com.tr\/en\/#website\"},\"primaryImageOfPage\":{\"@id\":\"https:\/\/lunica.com.tr\/en\/sample-page\/seating-groups\/block\/#primaryimage\"},\"image\":{\"@id\":\"https:\/\/lunica.com.tr\/en\/sample-page\/seating-groups\/block\/#primaryimage\"},\"thumbnailUrl\":\"https:\/\/lunica.com.tr\/wp-content\/uploads\/2025\/02\/BLOCK_01.jpg\",\"datePublished\":\"2025-02-03T08:32:41+00:00\",\"dateModified\":\"2025-04-17T12:29:25+00:00\",\"breadcrumb\":{\"@id\":\"https:\/\/lunica.com.tr\/en\/sample-page\/seating-groups\/block\/#breadcrumb\"},\"inLanguage\":\"en-US\",\"potentialAction\":[{\"@type\":\"ReadAction\",\"target\":[\"https:\/\/lunica.com.tr\/en\/sample-page\/seating-groups\/block\/\"]}]},{\"@type\":\"ImageObject\",\"inLanguage\":\"en-US\",\"@id\":\"https:\/\/lunica.com.tr\/en\/sample-page\/seating-groups\/block\/#primaryimage\",\"url\":\"https:\/\/lunica.com.tr\/wp-content\/uploads\/2025\/02\/BLOCK_01.jpg\",\"contentUrl\":\"https:\/\/lunica.com.tr\/wp-content\/uploads\/2025\/02\/BLOCK_01.jpg\",\"width\":1920,\"height\":1080},{\"@type\":\"BreadcrumbList\",\"@id\":\"https:\/\/lunica.com.tr\/en\/sample-page\/seating-groups\/block\/#breadcrumb\",\"itemListElement\":[{\"@type\":\"ListItem\",\"position\":1,\"name\":\"Anasayfa\",\"item\":\"https:\/\/lunica.com.tr\/\"},{\"@type\":\"ListItem\",\"position\":2,\"name\":\"Urunler\",\"item\":\"https:\/\/lunica.com.tr\/en\/urunler\/\"},{\"@type\":\"ListItem\",\"position\":3,\"name\":\"BLOCK\"}]},{\"@type\":\"WebSite\",\"@id\":\"https:\/\/lunica.com.tr\/en\/#website\",\"url\":\"https:\/\/lunica.com.tr\/en\/\",\"name\":\"Lunica.com.tr\",\"description\":\"Life \u0130s Outside\",\"publisher\":{\"@id\":\"https:\/\/lunica.com.tr\/en\/#organization\"},\"potentialAction\":[{\"@type\":\"SearchAction\",\"target\":{\"@type\":\"EntryPoint\",\"urlTemplate\":\"https:\/\/lunica.com.tr\/en\/?s={search_term_string}\"},\"query-input\":{\"@type\":\"PropertyValueSpecification\",\"valueRequired\":true,\"valueName\":\"search_term_string\"}}],\"inLanguage\":\"en-US\"},{\"@type\":\"Organization\",\"@id\":\"https:\/\/lunica.com.tr\/en\/#organization\",\"name\":\"L'unica\",\"url\":\"https:\/\/lunica.com.tr\/en\/\",\"logo\":{\"@type\":\"ImageObject\",\"inLanguage\":\"en-US\",\"@id\":\"https:\/\/lunica.com.tr\/en\/#\/schema\/logo\/image\/\",\"url\":\"https:\/\/lunica.com.tr\/wp-content\/uploads\/2022\/12\/Lunicalogo.svg\",\"contentUrl\":\"https:\/\/lunica.com.tr\/wp-content\/uploads\/2022\/12\/Lunicalogo.svg\",\"width\":296,\"height\":149,\"caption\":\"L'unica\"},\"image\":{\"@id\":\"https:\/\/lunica.com.tr\/en\/#\/schema\/logo\/image\/\"},\"sameAs\":[\"https:\/\/www.facebook.com\/LunicaBahceMobilyalari\",\"https:\/\/www.instagram.com\/lunicabahce\/\",\"https:\/\/www.youtube.com\/@lunicabahcemobilyalar1458\"]}]}<\/script>\n<!-- \/ Yoast SEO plugin. -->","yoast_head_json":{"title":"BLOCK - Lunica","robots":{"index":"index","follow":"follow","max-snippet":"max-snippet:-1","max-image-preview":"max-image-preview:large","max-video-preview":"max-video-preview:-1"},"canonical":"https:\/\/lunica.com.tr\/en\/sample-page\/seating-groups\/block\/","og_locale":"en_US","og_type":"article","og_title":"BLOCK - Lunica","og_description":"&nbsp; &nbsp; &nbsp; &nbsp; Par\u00e7a Geni\u015flik Derinlik Y\u00fckseklik HEXAGON PAR\u00c7A 165 Cm 165 Cm 68 Cm ORTA PAR\u00c7A 100 Cm 110 Cm 68 Cm KOL EKLEME 213 Cm 88 Cm 76,5 Cm 110 CM YAN SEHPA 110 Cm 60 Cm 42 Cm 140 CM SEHPA 140 Cm 80 Cm 40 Cm BLOCK C SEHPA 60 [&hellip;]","og_url":"https:\/\/lunica.com.tr\/en\/sample-page\/seating-groups\/block\/","og_site_name":"Lunica","article_publisher":"https:\/\/www.facebook.com\/LunicaBahceMobilyalari","article_modified_time":"2025-04-17T12:29:25+00:00","og_image":[{"width":1920,"height":1080,"url":"https:\/\/lunica.com.tr\/wp-content\/uploads\/2025\/02\/BLOCK_01.jpg","type":"image\/jpeg"}],"twitter_card":"summary_large_image","twitter_misc":{"Est. reading time":"1 minute"},"schema":{"@context":"https:\/\/schema.org","@graph":[{"@type":"WebPage","@id":"https:\/\/lunica.com.tr\/en\/sample-page\/seating-groups\/block\/","url":"https:\/\/lunica.com.tr\/en\/sample-page\/seating-groups\/block\/","name":"BLOCK - Lunica","isPartOf":{"@id":"https:\/\/lunica.com.tr\/en\/#website"},"primaryImageOfPage":{"@id":"https:\/\/lunica.com.tr\/en\/sample-page\/seating-groups\/block\/#primaryimage"},"image":{"@id":"https:\/\/lunica.com.tr\/en\/sample-page\/seating-groups\/block\/#primaryimage"},"thumbnailUrl":"https:\/\/lunica.com.tr\/wp-content\/uploads\/2025\/02\/BLOCK_01.jpg","datePublished":"2025-02-03T08:32:41+00:00","dateModified":"2025-04-17T12:29:25+00:00","breadcrumb":{"@id":"https:\/\/lunica.com.tr\/en\/sample-page\/seating-groups\/block\/#breadcrumb"},"inLanguage":"en-US","potentialAction":[{"@type":"ReadAction","target":["https:\/\/lunica.com.tr\/en\/sample-page\/seating-groups\/block\/"]}]},{"@type":"ImageObject","inLanguage":"en-US","@id":"https:\/\/lunica.com.tr\/en\/sample-page\/seating-groups\/block\/#primaryimage","url":"https:\/\/lunica.com.tr\/wp-content\/uploads\/2025\/02\/BLOCK_01.jpg","contentUrl":"https:\/\/lunica.com.tr\/wp-content\/uploads\/2025\/02\/BLOCK_01.jpg","width":1920,"height":1080},{"@type":"BreadcrumbList","@id":"https:\/\/lunica.com.tr\/en\/sample-page\/seating-groups\/block\/#breadcrumb","itemListElement":[{"@type":"ListItem","position":1,"name":"Anasayfa","item":"https:\/\/lunica.com.tr\/"},{"@type":"ListItem","position":2,"name":"Urunler","item":"https:\/\/lunica.com.tr\/en\/urunler\/"},{"@type":"ListItem","position":3,"name":"BLOCK"}]},{"@type":"WebSite","@id":"https:\/\/lunica.com.tr\/en\/#website","url":"https:\/\/lunica.com.tr\/en\/","name":"Lunica.com.tr","description":"Life \u0130s Outside","publisher":{"@id":"https:\/\/lunica.com.tr\/en\/#organization"},"potentialAction":[{"@type":"SearchAction","target":{"@type":"EntryPoint","urlTemplate":"https:\/\/lunica.com.tr\/en\/?s={search_term_string}"},"query-input":{"@type":"PropertyValueSpecification","valueRequired":true,"valueName":"search_term_string"}}],"inLanguage":"en-US"},{"@type":"Organization","@id":"https:\/\/lunica.com.tr\/en\/#organization","name":"L'unica","url":"https:\/\/lunica.com.tr\/en\/","logo":{"@type":"ImageObject","inLanguage":"en-US","@id":"https:\/\/lunica.com.tr\/en\/#\/schema\/logo\/image\/","url":"https:\/\/lunica.com.tr\/wp-content\/uploads\/2022\/12\/Lunicalogo.svg","contentUrl":"https:\/\/lunica.com.tr\/wp-content\/uploads\/2022\/12\/Lunicalogo.svg","width":296,"height":149,"caption":"L'unica"},"image":{"@id":"https:\/\/lunica.com.tr\/en\/#\/schema\/logo\/image\/"},"sameAs":["https:\/\/www.facebook.com\/LunicaBahceMobilyalari","https:\/\/www.instagram.com\/lunicabahce\/","https:\/\/www.youtube.com\/@lunicabahcemobilyalar1458"]}]}},"_links":{"self":[{"href":"https:\/\/lunica.com.tr\/en\/wp-json\/wp\/v2\/product\/16347","targetHints":{"allow":["GET"]}}],"collection":[{"href":"https:\/\/lunica.com.tr\/en\/wp-json\/wp\/v2\/product"}],"about":[{"href":"https:\/\/lunica.com.tr\/en\/wp-json\/wp\/v2\/types\/product"}],"replies":[{"embeddable":true,"href":"https:\/\/lunica.com.tr\/en\/wp-json\/wp\/v2\/comments?post=16347"}],"version-history":[{"count":3,"href":"https:\/\/lunica.com.tr\/en\/wp-json\/wp\/v2\/product\/16347\/revisions"}],"predecessor-version":[{"id":16861,"href":"https:\/\/lunica.com.tr\/en\/wp-json\/wp\/v2\/product\/16347\/revisions\/16861"}],"wp:featuredmedia":[{"embeddable":true,"href":"https:\/\/lunica.com.tr\/en\/wp-json\/wp\/v2\/media\/16349"}],"wp:attachment":[{"href":"https:\/\/lunica.com.tr\/en\/wp-json\/wp\/v2\/media?parent=16347"}],"wp:term":[{"taxonomy":"product_brand","embeddable":true,"href":"https:\/\/lunica.com.tr\/en\/wp-json\/wp\/v2\/product_brand?post=16347"},{"taxonomy":"product_cat","embeddable":true,"href":"https:\/\/lunica.com.tr\/en\/wp-json\/wp\/v2\/product_cat?post=16347"},{"taxonomy":"product_tag","embeddable":true,"href":"https:\/\/lunica.com.tr\/en\/wp-json\/wp\/v2\/product_tag?post=16347"}],"curies":[{"name":"wp","href":"https:\/\/api.w.org\/{rel}","templated":true}]}}